{"id":650,"date":"2022-03-18T10:05:43","date_gmt":"2022-03-18T10:05:43","guid":{"rendered":"https:\/\/staging.hotelori.it\/hotel-ori-cesenatico-50-meter-vom-strand-entfernt\/"},"modified":"2025-01-24T16:20:38","modified_gmt":"2025-01-24T16:20:38","slug":"hotel-ori-cesenatico-50-meter-vom-strand-entfernt","status":"publish","type":"page","link":"https:\/\/staging.hotelori.it\/de\/","title":{"rendered":"Hotel Ori Cesenatico &#8211; 50 Meter vom Strand entfernt"},"content":{"rendered":"<div class=\"wpb-content-wrapper\"><p>[vc_section el_class=&#8220;intro-home&#8220;][vc_row][vc_column][vc_empty_space][vc_column_text]<\/p>\n<h1 style=\"text-align: center;\">Alle Annehmlichkeiten, die Sie sich w\u00fcnschen<br \/>\nin einer famili\u00e4ren und einladenden Umgebung<\/h1>\n<p>[\/vc_column_text][vc_empty_space][\/vc_column][\/vc_row][\/vc_section][vc_section el_class=&#8220;intro-home&#8220;][vc_row full_width=&#8220;stretch_row&#8220; full_height=&#8220;yes&#8220; css=&#8220;.vc_custom_1648546624731{background-image: url(https:\/\/staging.hotelori.it\/wp-content\/uploads\/2022\/03\/bigstock-Boats-On-Leonardesque-Canal-Po-396987782.jpg?id=162) !important;background-position: center !important;background-repeat: no-repeat !important;background-size: cover !important;}&#8220;][vc_column width=&#8220;1\/2&#8243; offset=&#8220;vc_hidden-xs&#8220;][vc_empty_space height=&#8220;200&#8243;][\/vc_column][vc_column width=&#8220;1\/2&#8243;][vc_column_text css_animation=&#8220;fadeInRight&#8220; el_class=&#8220;box-testo&#8220;]<\/p>\n<h2>In der N\u00e4he des Zentrums von Cesenatico, nur einen Steinwurf vom Strand entfernt.<\/h2>\n<p>Eine ausgezeichnete, Lage sowohl zum Erreichen des Strandes (nur 50 m) als auch f\u00fcr einen Spaziergang am Kanalhafen mit seiner faszinierenden Sommeratmosph\u00e4re zwischen kleinen Gesch\u00e4ften und Caf\u00e9s, im Hintergrund die wundersch\u00f6nen historischen Segel, die f\u00fcr Cesenatico charakteristisch sind.[\/vc_column_text][\/vc_column][vc_column width=&#8220;1\/2&#8243; offset=&#8220;vc_hidden-lg vc_hidden-md vc_hidden-sm&#8220;][vc_empty_space height=&#8220;200&#8243;][\/vc_column][\/vc_row][\/vc_section][vc_section el_class=&#8220;intro-home&#8220;][vc_row full_width=&#8220;stretch_row&#8220; full_height=&#8220;yes&#8220; css=&#8220;.vc_custom_1648549108239{background-image: url(https:\/\/staging.hotelori.it\/wp-content\/uploads\/2022\/03\/bigstock-272778115.jpg?id=186) !important;background-position: center !important;background-repeat: no-repeat !important;background-size: cover !important;}&#8220;][vc_column width=&#8220;1\/2&#8243; offset=&#8220;vc_hidden-xs&#8220;][vc_empty_space height=&#8220;200&#8243;][\/vc_column][vc_column width=&#8220;1\/2&#8243;][vc_column_text css_animation=&#8220;fadeInLeft&#8220; el_class=&#8220;box-testo&#8220;]<\/p>\n<h2>Genie\u00dfen Sie den Komfort der All-Inclusive-Formel<\/h2>\n<p>Sie m\u00fcssen an nichts denken: Mit unserer All-Inclusive-Formel sind der Strand, Vollpension, unbegrenzte Getr\u00e4nke zu den Mahlzeiten und alle Hotelleistungen in Ihrem Urlaub inbegriffen.<\/p>\n<p><a class=\"button  has-icon button_right button_full_width button_size_2\" href=\"\/de\/all-inclusive\/\" style=\"background-color:#dfc47a!important;color:#000;\"    ><span class=\"button_icon\"><i class=\"fas fa-angle-right\"  style=\"color:#000!important;\"><\/i><\/span><span class=\"button_label\">Entdecken Sie sie alle!<\/span><\/a>\n[\/vc_column_text][\/vc_column][vc_column width=&#8220;1\/2&#8243; offset=&#8220;vc_hidden-lg vc_hidden-md vc_hidden-sm&#8220;][vc_empty_space height=&#8220;200&#8243;][\/vc_column][\/vc_row][\/vc_section][vc_section disable_element=&#8220;yes&#8220; el_class=&#8220;intro-home&#8220; css=&#8220;.vc_custom_1680087963443{padding-top: 75px !important;padding-bottom: 75px !important;}&#8220;][vc_row full_height=&#8220;yes&#8220; columns_placement=&#8220;bottom&#8220; css=&#8220;.vc_custom_1649363074850{background-image: url(https:\/\/staging.hotelori.it\/wp-content\/uploads\/2022\/04\/367143781.jpg?id=335) !important;}&#8220;][vc_column width=&#8220;2\/5&#8243;][vc_empty_space height=&#8220;200&#8243;][\/vc_column][vc_column width=&#8220;3\/5&#8243;][vc_column_text css_animation=&#8220;fadeInLeft&#8220; el_class=&#8220;box-testo&#8220;]<\/p>\n<h2>Ein Familienmanagement, immer f\u00fcr Sie da<\/h2>\n<p>Hier finden Sie die Freundlichkeit und Hilfsbereitschaft der gesamten Familie Rizzo. Jeder Ihrer W\u00fcnsche wird von uns ber\u00fccksichtigt und wir setzen uns daf\u00fcr ein, dass Sie Ihren Urlaub ohne Sorgen verbringen k\u00f6nnen.<\/p>\n<p><a class=\"button  has-icon button_right button_full_width button_size_2\" href=\"\/de\/ueber-uns\/\" style=\"background-color:#dfc47a!important;color:#000;\"    ><span class=\"button_icon\"><i class=\"fas fa-angle-right\"  style=\"color:#000!important;\"><\/i><\/span><span class=\"button_label\">M\u00f6chten Sie uns treffen?<\/span><\/a>\n[\/vc_column_text][vc_empty_space height=&#8220;30&#8243;][\/vc_column][\/vc_row][\/vc_section][vc_section full_width=&#8220;stretch_row&#8220; el_id=&#8220;offerte&#8220; css=&#8220;.vc_custom_1649235699483{border-top-width: 3px !important;background-color: #ededed !important;border-top-color: #dbdbdb !important;border-top-style: solid !important;}&#8220;][vc_row][vc_column][vc_column_text]<\/p>\n<h2 style=\"text-align: center;\">Sparen Sie mit aktuellen Angeboten<\/h2>\n<p>[\/vc_column_text][vc_basic_grid post_type=&#8220;offerte&#8220; max_items=&#8220;3&#8243; item=&#8220;266&#8243; grid_id=&#8220;vc_gid:1686651588830-47051683-2096-4&#8243; el_id=&#8220;blocco-offerte&#8220;][\/vc_column][\/vc_row][vc_row][vc_column width=&#8220;1\/3&#8243;][\/vc_column][vc_column width=&#8220;1\/3&#8243;][vc_column_text css_animation=&#8220;none&#8220;]<a class=\"button  has-icon button_right button_full_width button_size_2\" href=\"\/de\/angebote\/\" style=\"background-color:#dfc47a!important;color:#000;\"    ><span class=\"button_icon\"><i class=\"fas fa-angle-right\"  style=\"color:#000!important;\"><\/i><\/span><span class=\"button_label\">Entdecken Sie alle unsere Angebote<\/span><\/a>\n[\/vc_column_text][\/vc_column][vc_column width=&#8220;1\/3&#8243;][\/vc_column][\/vc_row][\/vc_section][vc_section full_width=&#8220;stretch_row&#8220; el_id=&#8220;servizi&#8220; css=&#8220;.vc_custom_1643826589824{border-top-width: 3px !important;border-top-color: #dbdbdb !important;border-top-style: solid !important;}&#8220;][vc_row][vc_column][vc_column_text]<\/p>\n<h2 style=\"text-align: center;\">Die wichtigsten Dienste, die Sie nutzen k\u00f6nnen<\/h2>\n<p>[\/vc_column_text][vc_row_inner][vc_column_inner width=&#8220;1\/3&#8243;]<div class=\"list_item lists_1 clearfix\"><div class=\"list_left list_icon\"><i class=\"fas fa-swimming-pool\"><\/i><\/div><div class=\"list_right\"><h4>Pool<\/h4><div class=\"desc\">direkt am Hotel<\/div><\/div><\/div>\n<div class=\"list_item lists_1 clearfix\"><div class=\"list_left list_icon\"><i class=\"fas fa-parking\"><\/i><\/div><div class=\"list_right\"><h4>Parken<\/h4><div class=\"desc\">Garantiert f\u00fcr alle unsere G\u00e4ste<\/div><\/div><\/div>\n<div class=\"list_item lists_1 clearfix\"><div class=\"list_left list_icon\"><i class=\"icon-chart-bar\"><\/i><\/div><div class=\"list_right\"><h4>Kostenloses WLAN<\/h4><div class=\"desc\">in allen R\u00e4umen<\/div><\/div><\/div>\n[\/vc_column_inner][vc_column_inner width=&#8220;1\/3&#8243;]<div class=\"list_item lists_1 clearfix\"><div class=\"list_left list_icon\"><i class=\"fas fa-utensils\"><\/i><\/div><div class=\"list_right\"><h4>Restaurant<\/h4><div class=\"desc\">mit Klimaanlage<\/div><\/div><\/div>\n<div class=\"list_item lists_1 clearfix\"><div class=\"list_left list_icon\"><i class=\"fas fa-mug-hot\"><\/i><\/div><div class=\"list_right\"><h4>Barservice<\/h4><div class=\"desc\">den ganzen Tag verf\u00fcgbar<\/div><\/div><\/div>\n<div class=\"list_item lists_1 clearfix\"><div class=\"list_left list_icon\"><i class=\"fas fa-umbrella-beach\"><\/i><\/div><div class=\"list_right\"><h4>Innenbereich \/ Garten<\/h4><div class=\"desc\">mit Ruhebereich<\/div><\/div><\/div>\n[\/vc_column_inner][vc_column_inner width=&#8220;1\/3&#8243;]<div class=\"list_item lists_1 clearfix\"><div class=\"list_left list_icon\"><i class=\"fas fa-temperature-low\"><\/i><\/div><div class=\"list_right\"><h4>Klimatisiert<\/h4><div class=\"desc\">Klimaanlage\/Heizung in allen R\u00e4umen<\/div><\/div><\/div>\n<div class=\"list_item lists_1 clearfix\"><div class=\"list_left list_icon\"><i class=\"fas fa-bicycle\"><\/i><\/div><div class=\"list_right\"><h4>Fahrr\u00e4der<\/h4><div class=\"desc\">Kostenlos erh\u00e4ltlich<\/div><\/div><\/div>\n[\/vc_column_inner][\/vc_row_inner][\/vc_column][\/vc_row][\/vc_section][vc_section full_width=&#8220;stretch_row&#8220; el_id=&#8220;ambienti&#8220; css=&#8220;.vc_custom_1648574209836{border-top-width: 3px !important;border-top-color: #dbdbdb !important;border-top-style: solid !important;}&#8220;][vc_row][vc_column][vc_column_text]<\/p>\n<h2 style=\"text-align: center;\">Die Umgebungen, in denen Sie Ihren Urlaub verbringen werden<\/h2>\n<p>[\/vc_column_text][\/vc_column][\/vc_row][vc_row full_width=&#8220;stretch_row_content&#8220; gap=&#8220;20&#8243; equal_height=&#8220;yes&#8220; content_placement=&#8220;bottom&#8220;][vc_column width=&#8220;1\/2&#8243; css=&#8220;.vc_custom_1648647168920{background-image: url(https:\/\/staging.hotelori.it\/wp-content\/uploads\/2022\/02\/IMG_8808-1.jpg?id=54) !important;background-position: center !important;background-repeat: no-repeat !important;background-size: cover !important;}&#8220;][vc_row_inner el_class=&#8220;box-ambienti&#8220;][vc_column_inner][vc_empty_space height=&#8220;200&#8243;][vc_column_text]<\/p>\n<h3>Zimmer &amp; Suiten<\/h3>\n<p>[\/vc_column_text][vc_column_text css_animation=&#8220;fadeInLeft&#8220; css=&#8220;.vc_custom_1650463827596{background-color: rgba(255,255,255,0.95) !important;*background-color: rgb(255,255,255) !important;}&#8220; el_class=&#8220;box-testo&#8220;]Die Intimit\u00e4t eines unserer Familienzimmer oder die Privatsph\u00e4re und den Komfort einer Hotelsuite. Welche L\u00f6sung bevorzugen Sie?<\/p>\n<p><a class=\"button  has-icon button_right button_full_width button_size_2\" href=\"\/de\/zimmer\/\" style=\"background-color:#dfc47a!important;color:#000;\"    ><span class=\"button_icon\"><i class=\"fas fa-angle-right\"  style=\"color:#000!important;\"><\/i><\/span><span class=\"button_label\">W\u00e4hlen Sie Ihr Zimmer!<\/span><\/a>\n[\/vc_column_text][\/vc_column_inner][\/vc_row_inner][\/vc_column][vc_column width=&#8220;1\/2&#8243; css=&#8220;.vc_custom_1649320250839{background-image: url(https:\/\/staging.hotelori.it\/wp-content\/uploads\/2022\/04\/bigstock-239259895.jpg?id=287) !important;background-position: center !important;background-repeat: no-repeat !important;background-size: cover !important;}&#8220;][vc_row_inner el_class=&#8220;box-ambienti&#8220;][vc_column_inner][vc_empty_space height=&#8220;200&#8243;][vc_column_text]<\/p>\n<h3>Strand<\/h3>\n<p>[\/vc_column_text][vc_column_text css_animation=&#8220;fadeInLeft&#8220; css=&#8220;.vc_custom_1650554968421{background-color: rgba(255,255,255,0.95) !important;*background-color: rgb(255,255,255) !important;}&#8220; el_class=&#8220;box-testo&#8220;]Wir haben eine Vereinbarung mit zwei Strandeinrichtungen und Sie k\u00f6nnen w\u00e4hlen, in welcher Strandeinrichtung Sie Ihren Sonnenschirm mit Liegen inklusive haben m\u00f6chten.<\/p>\n<p><a class=\"button  has-icon button_right button_full_width button_size_2\" href=\"\/de\/strand\/\" style=\"background-color:#dfc47a!important;color:#000;\"    ><span class=\"button_icon\"><i class=\"fas fa-angle-right\"  style=\"color:#000!important;\"><\/i><\/span><span class=\"button_label\">Entdecken Sie unseren Strand!<\/span><\/a>\n[\/vc_column_text][\/vc_column_inner][\/vc_row_inner][\/vc_column][\/vc_row][vc_row full_width=&#8220;stretch_row_content&#8220; gap=&#8220;20&#8243; equal_height=&#8220;yes&#8220; content_placement=&#8220;bottom&#8220;][vc_column width=&#8220;1\/2&#8243; css=&#8220;.vc_custom_1648647553499{background-image: url(https:\/\/staging.hotelori.it\/wp-content\/uploads\/2022\/02\/235f3c4a-a20d-4692-bab5-020639847e89.jpg?id=48) !important;background-position: center !important;background-repeat: no-repeat !important;background-size: cover !important;}&#8220;][vc_row_inner el_class=&#8220;box-ambienti&#8220;][vc_column_inner][vc_empty_space height=&#8220;200&#8243;][vc_column_text]<\/p>\n<h3>Restaurant<\/h3>\n<p>[\/vc_column_text][vc_column_text css_animation=&#8220;fadeInLeft&#8220; css=&#8220;.vc_custom_1649362961915{background-color: rgba(255,255,255,0.95) !important;*background-color: rgb(255,255,255) !important;}&#8220; el_class=&#8220;box-testo&#8220;]Eine elegante Umgebung mit Panoramablick, in der Sie die Gerichte unserer K\u00fcche mit von uns pers\u00f6nlich ausgew\u00e4hlten Zutaten probieren k\u00f6nnen.<\/p>\n<p><a class=\"button  has-icon button_right button_full_width button_size_2\" href=\"\/de\/kueche\/\" style=\"background-color:#dfc47a!important;color:#000;\"    ><span class=\"button_icon\"><i class=\"fas fa-angle-right\"  style=\"color:#000!important;\"><\/i><\/span><span class=\"button_label\">Entdecken Sie die Aromen unserer K\u00fcche!<\/span><\/a>\n[\/vc_column_text][\/vc_column_inner][\/vc_row_inner][\/vc_column][vc_column width=&#8220;1\/2&#8243; css=&#8220;.vc_custom_1648647529962{background-image: url(https:\/\/staging.hotelori.it\/wp-content\/uploads\/2022\/02\/670_0_3464193_78898.jpg?id=53) !important;background-position: center !important;background-repeat: no-repeat !important;background-size: cover !important;}&#8220;][vc_row_inner el_class=&#8220;box-ambienti&#8220;][vc_column_inner][vc_empty_space height=&#8220;200&#8243;][vc_column_text]<\/p>\n<h3>Schwimmbad und Ruhebereich<\/h3>\n<p>[\/vc_column_text][vc_column_text css_animation=&#8220;fadeInLeft&#8220; css=&#8220;.vc_custom_1649362973929{background-color: rgba(255,255,255,0.95) !important;*background-color: rgb(255,255,255) !important;}&#8220; el_class=&#8220;box-testo&#8220;]Schlie\u00dfen Sie die Augen und entspannen Sie sich &#8230; Sie sind im Urlaub! Genie\u00dfen Sie Momente der Entspannung in unserem sch\u00f6nen Swimmingpool und auf der gro\u00dfz\u00fcgigen Terrasse.<\/p>\n<p><a class=\"button  has-icon button_right button_full_width button_size_2\" href=\"\/de\/ruhebereich\/\" style=\"background-color:#dfc47a!important;color:#000;\"    ><span class=\"button_icon\"><i class=\"fas fa-angle-right\"  style=\"color:#000!important;\"><\/i><\/span><span class=\"button_label\">Schauen Sie sich die Fotos an!<\/span><\/a>\n[\/vc_column_text][\/vc_column_inner][\/vc_row_inner][\/vc_column][\/vc_row][\/vc_section][vc_row disable_element=&#8220;yes&#8220;][vc_column][vc_raw_html]CQk8c2NyaXB0IHNyYz0iaHR0cHM6Ly9hamF4Lmdvb2dsZWFwaXMuY29tL2FqYXgvbGlicy9qcXVlcnkvMy4zLjEvanF1ZXJ5Lm1pbi5qcyI+PC9zY3JpcHQ+PHNjcmlwdCBzcmM9Ii93cC1jb250ZW50L3RoZW1lcy9iZXRoZW1lLWNoaWxkL2pzL3NuYXAtc2Nyb2xsLmpzIj48L3NjcmlwdD48c2NyaXB0PnZhciBzbmFwU2Nyb2xsID0gJCgiaGVhZGVyLCBzZWN0aW9uLCBmb290ZXIiKS5TbmFwU2Nyb2xsKHsKCQkJCWhhc2hlczp0cnVlCgkJCX0pOwoJCQljb25zb2xlLmxvZyhzbmFwU2Nyb2xsKTsKCgkJCS8vTGlzdGVuIGZvciBhY3RpdmUgZWxlbWVudCBjaGFuZ2UKCQkJLy9Zb3UgY291bGQgbGlzdGVuIGdsb2JhbGx5IGxpa2UgJChkb2N1bWVudCkKCQkJJCgiaGVhZGVyIikub24oc25hcFNjcm9sbC5ldmVudENoYW5nZUFjdGl2ZSwgZnVuY3Rpb24oZXZ0LCBuZXdBY3RpdmUpewoJCQkJY29uc29sZS5sb2coZXZ0LCBuZXdBY3RpdmUpOwoJCQl9KTsKCgkJCS8vTGlzdGVuIGZvciB2aXNpYmxlIGVsZW1lbnQgY2hhbmdlCgkJCS8vWW91IGNvdWxkIGxpc3RlbiBvbiBhIHNwZWNpZmljIGVsZW1lbnQgbGlrZSAkKCJoZWFkZXIiKQoJCQkkKGRvY3VtZW50KS5vbihzbmFwU2Nyb2xsLmV2ZW50Q2hhbmdlVmlzaWJsZSwgZnVuY3Rpb24oZXZ0LCB2aXNpYmxlTGlzdCl7CgkJCQljb25zb2xlLmxvZyhldnQsIHZpc2libGVMaXN0LmRhdGEpOwoJCQl9KTsKCQk8L3NjcmlwdD4=[\/vc_raw_html][\/vc_column][\/vc_row]<\/p>\n<\/div>","protected":false},"excerpt":{"rendered":"<p>[vc_section el_class=&#8220;intro-home&#8220;][vc_row][vc_column][vc_empty_space][vc_column_text] Alle Annehmlichkeiten, die Sie sich w\u00fcnschen in einer famili\u00e4ren und einladenden Umgebung [\/vc_column_text][vc_empty_space][\/vc_column][\/vc_row][\/vc_section][vc_section el_class=&#8220;intro-home&#8220;][vc_row full_width=&#8220;stretch_row&#8220; full_height=&#8220;yes&#8220; css=&#8220;.vc_custom_1648546624731{background-image: url(https:\/\/staging.hotelori.it\/wp-content\/uploads\/2022\/03\/bigstock-Boats-On-Leonardesque-Canal-Po-396987782.jpg?id=162) !important;background-position: center !important;background-repeat: no-repeat !important;background-size: cover<span class=\"excerpt-hellip\"> [\u2026]<\/span><\/p>\n","protected":false},"author":1,"featured_media":0,"parent":0,"menu_order":0,"comment_status":"closed","ping_status":"closed","template":"","meta":{"_acf_changed":false,"footnotes":""},"class_list":["post-650","page","type-page","status-publish","hentry"],"acf":[],"yoast_head":"<!-- This site is optimized with the Yoast SEO plugin v24.3 - https:\/\/yoast.com\/wordpress\/plugins\/seo\/ -->\n<title>Hotel Ori, Cesenatico - 3 Sterne mit Schwimmbad, 50 Meter vom Meer entfernt<\/title>\n<meta name=\"description\" content=\"Drei-Sterne-Hotel in Cesenatico, mit Swimmingpool, 50 Meter vom Strand entfernt. Kinder bis 12 Jahre frei. Angebote und Leistungen entdecken und gleich buchen.\" \/>\n<meta name=\"robots\" content=\"index, follow, max-snippet:-1, max-image-preview:large, max-video-preview:-1\" \/>\n<link rel=\"canonical\" href=\"https:\/\/staging.hotelori.it\/de\/\" \/>\n<meta property=\"og:locale\" content=\"de_DE\" \/>\n<meta property=\"og:type\" content=\"article\" \/>\n<meta property=\"og:title\" content=\"Hotel Ori, Cesenatico - 3 Sterne mit Schwimmbad, 50 Meter vom Meer entfernt\" \/>\n<meta property=\"og:description\" content=\"Drei-Sterne-Hotel in Cesenatico, mit Swimmingpool, 50 Meter vom Strand entfernt. Kinder bis 12 Jahre frei. Angebote und Leistungen entdecken und gleich buchen.\" \/>\n<meta property=\"og:url\" content=\"https:\/\/staging.hotelori.it\/de\/\" \/>\n<meta property=\"og:site_name\" content=\"Hotel Ori - Cesenatico\" \/>\n<meta property=\"article:modified_time\" content=\"2025-01-24T16:20:38+00:00\" \/>\n<meta name=\"twitter:card\" content=\"summary_large_image\" \/>\n<meta name=\"twitter:label1\" content=\"Gesch\u00e4tzte Lesezeit\" \/>\n\t<meta name=\"twitter:data1\" content=\"8\u00a0Minuten\" \/>\n<script type=\"application\/ld+json\" class=\"yoast-schema-graph\">{\"@context\":\"https:\/\/schema.org\",\"@graph\":[{\"@type\":\"WebPage\",\"@id\":\"https:\/\/staging.hotelori.it\/de\/\",\"url\":\"https:\/\/staging.hotelori.it\/de\/\",\"name\":\"Hotel Ori, Cesenatico - 3 Sterne mit Schwimmbad, 50 Meter vom Meer entfernt\",\"isPartOf\":{\"@id\":\"https:\/\/staging.hotelori.it\/de\/#website\"},\"datePublished\":\"2022-03-18T10:05:43+00:00\",\"dateModified\":\"2025-01-24T16:20:38+00:00\",\"description\":\"Drei-Sterne-Hotel in Cesenatico, mit Swimmingpool, 50 Meter vom Strand entfernt. Kinder bis 12 Jahre frei. Angebote und Leistungen entdecken und gleich buchen.\",\"breadcrumb\":{\"@id\":\"https:\/\/staging.hotelori.it\/de\/#breadcrumb\"},\"inLanguage\":\"de\",\"potentialAction\":[{\"@type\":\"ReadAction\",\"target\":[\"https:\/\/staging.hotelori.it\/de\/\"]}]},{\"@type\":\"BreadcrumbList\",\"@id\":\"https:\/\/staging.hotelori.it\/de\/#breadcrumb\",\"itemListElement\":[{\"@type\":\"ListItem\",\"position\":1,\"name\":\"Home\",\"item\":\"https:\/\/staging.hotelori.it\/de\/hotel-ori-cesenatico-50-meter-vom-strand-entfernt\/\"},{\"@type\":\"ListItem\",\"position\":2,\"name\":\"Hotel Ori Cesenatico &#8211; 50 Meter vom Strand entfernt\"}]},{\"@type\":\"WebSite\",\"@id\":\"https:\/\/staging.hotelori.it\/de\/#website\",\"url\":\"https:\/\/staging.hotelori.it\/de\/\",\"name\":\"Hotel Ori - Cesenatico\",\"description\":\"Hotel 3 stelle a 50 metri dalla spiaggia\",\"potentialAction\":[{\"@type\":\"SearchAction\",\"target\":{\"@type\":\"EntryPoint\",\"urlTemplate\":\"https:\/\/staging.hotelori.it\/de\/?s={search_term_string}\"},\"query-input\":{\"@type\":\"PropertyValueSpecification\",\"valueRequired\":true,\"valueName\":\"search_term_string\"}}],\"inLanguage\":\"de\"}]}<\/script>\n<!-- \/ Yoast SEO plugin. -->","yoast_head_json":{"title":"Hotel Ori, Cesenatico - 3 Sterne mit Schwimmbad, 50 Meter vom Meer entfernt","description":"Drei-Sterne-Hotel in Cesenatico, mit Swimmingpool, 50 Meter vom Strand entfernt. Kinder bis 12 Jahre frei. Angebote und Leistungen entdecken und gleich buchen.","robots":{"index":"index","follow":"follow","max-snippet":"max-snippet:-1","max-image-preview":"max-image-preview:large","max-video-preview":"max-video-preview:-1"},"canonical":"https:\/\/staging.hotelori.it\/de\/","og_locale":"de_DE","og_type":"article","og_title":"Hotel Ori, Cesenatico - 3 Sterne mit Schwimmbad, 50 Meter vom Meer entfernt","og_description":"Drei-Sterne-Hotel in Cesenatico, mit Swimmingpool, 50 Meter vom Strand entfernt. Kinder bis 12 Jahre frei. Angebote und Leistungen entdecken und gleich buchen.","og_url":"https:\/\/staging.hotelori.it\/de\/","og_site_name":"Hotel Ori - Cesenatico","article_modified_time":"2025-01-24T16:20:38+00:00","twitter_card":"summary_large_image","twitter_misc":{"Gesch\u00e4tzte Lesezeit":"8\u00a0Minuten"},"schema":{"@context":"https:\/\/schema.org","@graph":[{"@type":"WebPage","@id":"https:\/\/staging.hotelori.it\/de\/","url":"https:\/\/staging.hotelori.it\/de\/","name":"Hotel Ori, Cesenatico - 3 Sterne mit Schwimmbad, 50 Meter vom Meer entfernt","isPartOf":{"@id":"https:\/\/staging.hotelori.it\/de\/#website"},"datePublished":"2022-03-18T10:05:43+00:00","dateModified":"2025-01-24T16:20:38+00:00","description":"Drei-Sterne-Hotel in Cesenatico, mit Swimmingpool, 50 Meter vom Strand entfernt. Kinder bis 12 Jahre frei. Angebote und Leistungen entdecken und gleich buchen.","breadcrumb":{"@id":"https:\/\/staging.hotelori.it\/de\/#breadcrumb"},"inLanguage":"de","potentialAction":[{"@type":"ReadAction","target":["https:\/\/staging.hotelori.it\/de\/"]}]},{"@type":"BreadcrumbList","@id":"https:\/\/staging.hotelori.it\/de\/#breadcrumb","itemListElement":[{"@type":"ListItem","position":1,"name":"Home","item":"https:\/\/staging.hotelori.it\/de\/hotel-ori-cesenatico-50-meter-vom-strand-entfernt\/"},{"@type":"ListItem","position":2,"name":"Hotel Ori Cesenatico &#8211; 50 Meter vom Strand entfernt"}]},{"@type":"WebSite","@id":"https:\/\/staging.hotelori.it\/de\/#website","url":"https:\/\/staging.hotelori.it\/de\/","name":"Hotel Ori - Cesenatico","description":"Hotel 3 stelle a 50 metri dalla spiaggia","potentialAction":[{"@type":"SearchAction","target":{"@type":"EntryPoint","urlTemplate":"https:\/\/staging.hotelori.it\/de\/?s={search_term_string}"},"query-input":{"@type":"PropertyValueSpecification","valueRequired":true,"valueName":"search_term_string"}}],"inLanguage":"de"}]}},"_links":{"self":[{"href":"https:\/\/staging.hotelori.it\/de\/wp-json\/wp\/v2\/pages\/650","targetHints":{"allow":["GET"]}}],"collection":[{"href":"https:\/\/staging.hotelori.it\/de\/wp-json\/wp\/v2\/pages"}],"about":[{"href":"https:\/\/staging.hotelori.it\/de\/wp-json\/wp\/v2\/types\/page"}],"author":[{"embeddable":true,"href":"https:\/\/staging.hotelori.it\/de\/wp-json\/wp\/v2\/users\/1"}],"replies":[{"embeddable":true,"href":"https:\/\/staging.hotelori.it\/de\/wp-json\/wp\/v2\/comments?post=650"}],"version-history":[{"count":5,"href":"https:\/\/staging.hotelori.it\/de\/wp-json\/wp\/v2\/pages\/650\/revisions"}],"predecessor-version":[{"id":656,"href":"https:\/\/staging.hotelori.it\/de\/wp-json\/wp\/v2\/pages\/650\/revisions\/656"}],"wp:attachment":[{"href":"https:\/\/staging.hotelori.it\/de\/wp-json\/wp\/v2\/media?parent=650"}],"curies":[{"name":"wp","href":"https:\/\/api.w.org\/{rel}","templated":true}]}}