{"id":660,"date":"2022-04-07T11:02:11","date_gmt":"2022-04-07T11:02:11","guid":{"rendered":"https:\/\/staging.hotelori.it\/wo-wir-sind\/"},"modified":"2025-01-28T14:10:47","modified_gmt":"2025-01-28T14:10:47","slug":"wo-wir-sind","status":"publish","type":"page","link":"https:\/\/staging.hotelori.it\/de\/wo-wir-sind\/","title":{"rendered":"Lage des Hotels"},"content":{"rendered":"<div class=\"wpb-content-wrapper\"><p>[vc_row full_width=&#8220;stretch_row_content&#8220; content_placement=&#8220;top&#8220;][vc_column][vc_column_text]<iframe loading=\"lazy\" style=\"border: 0;\" src=\"https:\/\/www.google.com\/maps\/embed?pb=!1m14!1m8!1m3!1d11439.90518109287!2d12.3956393!3d44.2075546!3m2!1i1024!2i768!4f13.1!3m3!1m2!1s0x0%3A0x32aedcecb14afd07!2sHotel%20Ori!5e0!3m2!1sit!2sit!4v1649329235967!5m2!1sit!2sit\" width=\"100%\" height=\"600px\" allowfullscreen=\"allowfullscreen\"><\/iframe>[\/vc_column_text][\/vc_column][\/vc_row][vc_row][vc_column][vc_column_text]<\/p>\n<h2 style=\"text-align: center;\">Nahe dem Zentrum von Cesenatico und nur ein Steinwurm kommt aus dem Strand!<\/h2>\n<p>Die Lage ist eine der St\u00e4rken unseres Hotels: Die N\u00e4he zum Strand und dem Zentrum von Cesenatico, k\u00f6nnen sie in wenigen Minuten durch einen kurzen Spaziergang erreichen. Dar\u00fcber hinaus finden Sie nur wenige Meter vom Hotel entfernt alle wichtigen Dienstleistungen, wie eine Apotheke, ein Lebensmittelgesch\u00e4ft, einen Minimarkt und viele Gesch\u00e4fte, Eisdielen, Bars und Restaurants direkt am Meer.[\/vc_column_text][\/vc_column][\/vc_row]<\/p>\n<\/div>","protected":false},"excerpt":{"rendered":"<p>[vc_row full_width=&#8220;stretch_row_content&#8220; content_placement=&#8220;top&#8220;][vc_column][vc_column_text][\/vc_column_text][\/vc_column][\/vc_row][vc_row][vc_column][vc_column_text] Nahe dem Zentrum von Cesenatico und nur ein Steinwurm kommt aus dem Strand! Die Lage ist eine der St\u00e4rken unseres Hotels: Die N\u00e4he<span class=\"excerpt-hellip\"> [\u2026]<\/span><\/p>\n","protected":false},"author":1,"featured_media":0,"parent":0,"menu_order":0,"comment_status":"closed","ping_status":"closed","template":"template-no-header.php","meta":{"_acf_changed":false,"footnotes":""},"class_list":["post-660","page","type-page","status-publish","hentry"],"acf":[],"yoast_head":"<!-- This site is optimized with the Yoast SEO plugin v24.3 - https:\/\/yoast.com\/wordpress\/plugins\/seo\/ -->\n<title>Lage des Hotels - Hotel Ori - Cesenatico<\/title>\n<meta name=\"robots\" content=\"index, follow, max-snippet:-1, max-image-preview:large, max-video-preview:-1\" \/>\n<link rel=\"canonical\" href=\"https:\/\/staging.hotelori.it\/de\/wo-wir-sind\/\" \/>\n<meta property=\"og:locale\" content=\"de_DE\" \/>\n<meta property=\"og:type\" content=\"article\" \/>\n<meta property=\"og:title\" content=\"Lage des Hotels - Hotel Ori - Cesenatico\" \/>\n<meta property=\"og:description\" content=\"[vc_row full_width=&#8220;stretch_row_content&#8220; content_placement=&#8220;top&#8220;][vc_column][vc_column_text][\/vc_column_text][\/vc_column][\/vc_row][vc_row][vc_column][vc_column_text] Nahe dem Zentrum von Cesenatico und nur ein Steinwurm kommt aus dem Strand! Die Lage ist eine der St\u00e4rken unseres Hotels: Die N\u00e4he [\u2026]\" \/>\n<meta property=\"og:url\" content=\"https:\/\/staging.hotelori.it\/de\/wo-wir-sind\/\" \/>\n<meta property=\"og:site_name\" content=\"Hotel Ori - Cesenatico\" \/>\n<meta property=\"article:modified_time\" content=\"2025-01-28T14:10:47+00:00\" \/>\n<meta name=\"twitter:card\" content=\"summary_large_image\" \/>\n<meta name=\"twitter:label1\" content=\"Gesch\u00e4tzte Lesezeit\" \/>\n\t<meta name=\"twitter:data1\" content=\"1\u00a0Minute\" \/>\n<script type=\"application\/ld+json\" class=\"yoast-schema-graph\">{\"@context\":\"https:\/\/schema.org\",\"@graph\":[{\"@type\":\"WebPage\",\"@id\":\"https:\/\/staging.hotelori.it\/de\/wo-wir-sind\/\",\"url\":\"https:\/\/staging.hotelori.it\/de\/wo-wir-sind\/\",\"name\":\"Lage des Hotels - Hotel Ori - Cesenatico\",\"isPartOf\":{\"@id\":\"https:\/\/staging.hotelori.it\/de\/#website\"},\"datePublished\":\"2022-04-07T11:02:11+00:00\",\"dateModified\":\"2025-01-28T14:10:47+00:00\",\"breadcrumb\":{\"@id\":\"https:\/\/staging.hotelori.it\/de\/wo-wir-sind\/#breadcrumb\"},\"inLanguage\":\"de\",\"potentialAction\":[{\"@type\":\"ReadAction\",\"target\":[\"https:\/\/staging.hotelori.it\/de\/wo-wir-sind\/\"]}]},{\"@type\":\"BreadcrumbList\",\"@id\":\"https:\/\/staging.hotelori.it\/de\/wo-wir-sind\/#breadcrumb\",\"itemListElement\":[{\"@type\":\"ListItem\",\"position\":1,\"name\":\"Home\",\"item\":\"https:\/\/staging.hotelori.it\/de\/hotel-ori-cesenatico-50-meter-vom-strand-entfernt\/\"},{\"@type\":\"ListItem\",\"position\":2,\"name\":\"Lage des Hotels\"}]},{\"@type\":\"WebSite\",\"@id\":\"https:\/\/staging.hotelori.it\/de\/#website\",\"url\":\"https:\/\/staging.hotelori.it\/de\/\",\"name\":\"Hotel Ori - Cesenatico\",\"description\":\"Hotel 3 stelle a 50 metri dalla spiaggia\",\"potentialAction\":[{\"@type\":\"SearchAction\",\"target\":{\"@type\":\"EntryPoint\",\"urlTemplate\":\"https:\/\/staging.hotelori.it\/de\/?s={search_term_string}\"},\"query-input\":{\"@type\":\"PropertyValueSpecification\",\"valueRequired\":true,\"valueName\":\"search_term_string\"}}],\"inLanguage\":\"de\"}]}<\/script>\n<!-- \/ Yoast SEO plugin. -->","yoast_head_json":{"title":"Lage des Hotels - Hotel Ori - Cesenatico","robots":{"index":"index","follow":"follow","max-snippet":"max-snippet:-1","max-image-preview":"max-image-preview:large","max-video-preview":"max-video-preview:-1"},"canonical":"https:\/\/staging.hotelori.it\/de\/wo-wir-sind\/","og_locale":"de_DE","og_type":"article","og_title":"Lage des Hotels - Hotel Ori - Cesenatico","og_description":"[vc_row full_width=&#8220;stretch_row_content&#8220; content_placement=&#8220;top&#8220;][vc_column][vc_column_text][\/vc_column_text][\/vc_column][\/vc_row][vc_row][vc_column][vc_column_text] Nahe dem Zentrum von Cesenatico und nur ein Steinwurm kommt aus dem Strand! Die Lage ist eine der St\u00e4rken unseres Hotels: Die N\u00e4he [\u2026]","og_url":"https:\/\/staging.hotelori.it\/de\/wo-wir-sind\/","og_site_name":"Hotel Ori - Cesenatico","article_modified_time":"2025-01-28T14:10:47+00:00","twitter_card":"summary_large_image","twitter_misc":{"Gesch\u00e4tzte Lesezeit":"1\u00a0Minute"},"schema":{"@context":"https:\/\/schema.org","@graph":[{"@type":"WebPage","@id":"https:\/\/staging.hotelori.it\/de\/wo-wir-sind\/","url":"https:\/\/staging.hotelori.it\/de\/wo-wir-sind\/","name":"Lage des Hotels - Hotel Ori - Cesenatico","isPartOf":{"@id":"https:\/\/staging.hotelori.it\/de\/#website"},"datePublished":"2022-04-07T11:02:11+00:00","dateModified":"2025-01-28T14:10:47+00:00","breadcrumb":{"@id":"https:\/\/staging.hotelori.it\/de\/wo-wir-sind\/#breadcrumb"},"inLanguage":"de","potentialAction":[{"@type":"ReadAction","target":["https:\/\/staging.hotelori.it\/de\/wo-wir-sind\/"]}]},{"@type":"BreadcrumbList","@id":"https:\/\/staging.hotelori.it\/de\/wo-wir-sind\/#breadcrumb","itemListElement":[{"@type":"ListItem","position":1,"name":"Home","item":"https:\/\/staging.hotelori.it\/de\/hotel-ori-cesenatico-50-meter-vom-strand-entfernt\/"},{"@type":"ListItem","position":2,"name":"Lage des Hotels"}]},{"@type":"WebSite","@id":"https:\/\/staging.hotelori.it\/de\/#website","url":"https:\/\/staging.hotelori.it\/de\/","name":"Hotel Ori - Cesenatico","description":"Hotel 3 stelle a 50 metri dalla spiaggia","potentialAction":[{"@type":"SearchAction","target":{"@type":"EntryPoint","urlTemplate":"https:\/\/staging.hotelori.it\/de\/?s={search_term_string}"},"query-input":{"@type":"PropertyValueSpecification","valueRequired":true,"valueName":"search_term_string"}}],"inLanguage":"de"}]}},"_links":{"self":[{"href":"https:\/\/staging.hotelori.it\/de\/wp-json\/wp\/v2\/pages\/660","targetHints":{"allow":["GET"]}}],"collection":[{"href":"https:\/\/staging.hotelori.it\/de\/wp-json\/wp\/v2\/pages"}],"about":[{"href":"https:\/\/staging.hotelori.it\/de\/wp-json\/wp\/v2\/types\/page"}],"author":[{"embeddable":true,"href":"https:\/\/staging.hotelori.it\/de\/wp-json\/wp\/v2\/users\/1"}],"replies":[{"embeddable":true,"href":"https:\/\/staging.hotelori.it\/de\/wp-json\/wp\/v2\/comments?post=660"}],"version-history":[{"count":8,"href":"https:\/\/staging.hotelori.it\/de\/wp-json\/wp\/v2\/pages\/660\/revisions"}],"predecessor-version":[{"id":724,"href":"https:\/\/staging.hotelori.it\/de\/wp-json\/wp\/v2\/pages\/660\/revisions\/724"}],"wp:attachment":[{"href":"https:\/\/staging.hotelori.it\/de\/wp-json\/wp\/v2\/media?parent=660"}],"curies":[{"name":"wp","href":"https:\/\/api.w.org\/{rel}","templated":true}]}}