{"id":671,"date":"2022-04-07T09:25:08","date_gmt":"2022-04-07T09:25:08","guid":{"rendered":"https:\/\/staging.hotelori.it\/ueber-uns\/"},"modified":"2025-01-24T17:36:33","modified_gmt":"2025-01-24T17:36:33","slug":"ueber-uns","status":"publish","type":"page","link":"https:\/\/staging.hotelori.it\/de\/ueber-uns\/","title":{"rendered":"\u00dcber uns"},"content":{"rendered":"<div class=\"wpb-content-wrapper\"><p>[vc_section el_class=&#8220;intro-home&#8220;][vc_row full_width=&#8220;stretch_row&#8220; css=&#8220;.vc_custom_1686650462529{background: #1ccca8 url(https:\/\/staging.hotelori.it\/wp-content\/uploads\/2023\/03\/IMG_3603.jpg?id=474) !important;background-position: center !important;background-repeat: no-repeat !important;background-size: cover !important;}&#8220;][vc_column width=&#8220;1\/2&#8243;][vc_empty_space height=&#8220;200&#8243;][\/vc_column][vc_column width=&#8220;1\/2&#8243;][vc_column_text css_animation=&#8220;fadeInLeft&#8220; el_class=&#8220;box-testo&#8220;]<\/p>\n<h2>Unsere Familie<\/h2>\n<p>Wir sind <strong>Manuel, Fabio, Cristina<\/strong> und <strong>Selenia<\/strong>: eine Familie, die die Leidenschaft f\u00fcr die Gastfreundschaft zum Beruf gemacht hat. M\u00f6chten Sie uns treffen?[\/vc_column_text][\/vc_column][\/vc_row][\/vc_section][vc_section full_width=&#8220;stretch_row&#8220; css=&#8220;.vc_custom_1649235048195{border-top-width: 3px !important;border-top-color: #dbdbdb !important;border-top-style: solid !important;}&#8220;][vc_row][vc_column][vc_column_text]<\/p>\n<h2 style=\"text-align: center;\">Wir lieben, was wir tun<\/h2>\n<p>[\/vc_column_text][vc_column_text]<\/p>\n<p style=\"text-align: left;\">F\u00fcr uns ist der Beruf des Hoteliers kein einfacher Beruf: F\u00fcr uns ist <strong>GASTFREUNDSCHAFT FAMILIE<\/strong><\/p>\n<p style=\"text-align: left;\">Und genau das ist es, was Sie als unsere G\u00e4ste \u201efamili\u00e4r\u201c f\u00fchlen lassen m\u00f6chten,<strong> damit Sie Ihren Urlaub wie in Ihrem eigenen \u201eHaus am Meer\u201c verbringen.<\/strong><\/p>\n<p style=\"text-align: left;\">Der Empfang, die Aufmerksamkeit f\u00fcr den Service, die Qualit\u00e4t der Zutaten f\u00fcr die Zubereitung unserer Gerichte: <strong>Wir k\u00fcmmern uns pers\u00f6nlich um alles<\/strong> und geben unser Bestes, um Ihren Aufenthalt zu einem unvergesslichen Erlebnis zu machen.<\/p>\n<p>[\/vc_column_text][\/vc_column][\/vc_row][\/vc_section][vc_section el_class=&#8220;intro-home&#8220;][vc_row full_width=&#8220;stretch_row&#8220; full_height=&#8220;yes&#8220; css=&#8220;.vc_custom_1686650404917{background: #268ab5 url(https:\/\/staging.hotelori.it\/wp-content\/uploads\/2023\/03\/IMG_3641.jpg?id=473) !important;background-position: center !important;background-repeat: no-repeat !important;background-size: cover !important;}&#8220;][vc_column width=&#8220;1\/2&#8243;][vc_column_text css_animation=&#8220;fadeInRight&#8220; el_class=&#8220;box-testo&#8220;]<\/p>\n<h2>Auch unser Personal steht Ihnen jederzeit zur Verf\u00fcgung.<\/h2>\n<p>Wir umgeben uns gerne mit Menschen wie wir: einfach, aufrichtig und einf\u00fchlsam. Alle unsere Mitarbeiter teilen unseren Geist und sind immer bereit, Ihre W\u00fcnsche mit einem L\u00e4cheln zu erf\u00fcllen.[\/vc_column_text][\/vc_column][vc_column width=&#8220;1\/2&#8243;][vc_empty_space height=&#8220;200&#8243;][\/vc_column][\/vc_row][\/vc_section]<\/p>\n<\/div>","protected":false},"excerpt":{"rendered":"<p>[vc_section el_class=&#8220;intro-home&#8220;][vc_row full_width=&#8220;stretch_row&#8220; css=&#8220;.vc_custom_1686650462529{background: #1ccca8 url(https:\/\/staging.hotelori.it\/wp-content\/uploads\/2023\/03\/IMG_3603.jpg?id=474) !important;background-position: center !important;background-repeat: no-repeat !important;background-size: cover !important;}&#8220;][vc_column width=&#8220;1\/2&#8243;][vc_empty_space height=&#8220;200&#8243;][\/vc_column][vc_column width=&#8220;1\/2&#8243;][vc_column_text css_animation=&#8220;fadeInLeft&#8220; el_class=&#8220;box-testo&#8220;] Unsere Familie Wir sind Manuel, Fabio, Cristina und<span class=\"excerpt-hellip\"> [\u2026]<\/span><\/p>\n","protected":false},"author":1,"featured_media":0,"parent":0,"menu_order":0,"comment_status":"closed","ping_status":"closed","template":"template-no-header.php","meta":{"_acf_changed":false,"footnotes":""},"class_list":["post-671","page","type-page","status-publish","hentry"],"acf":[],"yoast_head":"<!-- This site is optimized with the Yoast SEO plugin v24.3 - https:\/\/yoast.com\/wordpress\/plugins\/seo\/ -->\n<title>Drei-Sterne-Hotel in Cesenatico mit Swimmingpool 50 Meter vom Strand entfernt.<\/title>\n<meta name=\"description\" content=\"Drei-Sterne-Hotel in Cesenatico mit Swimmingpool 50 Meter vom Strand entfernt. Kinder bis 12 Jahre frei. Angebote und Leistungen entdecken und gleich buchen.\" \/>\n<meta name=\"robots\" content=\"index, follow, max-snippet:-1, max-image-preview:large, max-video-preview:-1\" \/>\n<link rel=\"canonical\" href=\"https:\/\/staging.hotelori.it\/de\/ueber-uns\/\" \/>\n<meta property=\"og:locale\" content=\"de_DE\" \/>\n<meta property=\"og:type\" content=\"article\" \/>\n<meta property=\"og:title\" content=\"Drei-Sterne-Hotel in Cesenatico mit Swimmingpool 50 Meter vom Strand entfernt.\" \/>\n<meta property=\"og:description\" content=\"Drei-Sterne-Hotel in Cesenatico mit Swimmingpool 50 Meter vom Strand entfernt. Kinder bis 12 Jahre frei. Angebote und Leistungen entdecken und gleich buchen.\" \/>\n<meta property=\"og:url\" content=\"https:\/\/staging.hotelori.it\/de\/ueber-uns\/\" \/>\n<meta property=\"og:site_name\" content=\"Hotel Ori - Cesenatico\" \/>\n<meta property=\"article:modified_time\" content=\"2025-01-24T17:36:33+00:00\" \/>\n<meta name=\"twitter:card\" content=\"summary_large_image\" \/>\n<meta name=\"twitter:label1\" content=\"Gesch\u00e4tzte Lesezeit\" \/>\n\t<meta name=\"twitter:data1\" content=\"2\u00a0Minuten\" \/>\n<script type=\"application\/ld+json\" class=\"yoast-schema-graph\">{\"@context\":\"https:\/\/schema.org\",\"@graph\":[{\"@type\":\"WebPage\",\"@id\":\"https:\/\/staging.hotelori.it\/de\/ueber-uns\/\",\"url\":\"https:\/\/staging.hotelori.it\/de\/ueber-uns\/\",\"name\":\"Drei-Sterne-Hotel in Cesenatico mit Swimmingpool 50 Meter vom Strand entfernt.\",\"isPartOf\":{\"@id\":\"https:\/\/staging.hotelori.it\/de\/#website\"},\"datePublished\":\"2022-04-07T09:25:08+00:00\",\"dateModified\":\"2025-01-24T17:36:33+00:00\",\"description\":\"Drei-Sterne-Hotel in Cesenatico mit Swimmingpool 50 Meter vom Strand entfernt. Kinder bis 12 Jahre frei. Angebote und Leistungen entdecken und gleich buchen.\",\"breadcrumb\":{\"@id\":\"https:\/\/staging.hotelori.it\/de\/ueber-uns\/#breadcrumb\"},\"inLanguage\":\"de\",\"potentialAction\":[{\"@type\":\"ReadAction\",\"target\":[\"https:\/\/staging.hotelori.it\/de\/ueber-uns\/\"]}]},{\"@type\":\"BreadcrumbList\",\"@id\":\"https:\/\/staging.hotelori.it\/de\/ueber-uns\/#breadcrumb\",\"itemListElement\":[{\"@type\":\"ListItem\",\"position\":1,\"name\":\"Home\",\"item\":\"https:\/\/staging.hotelori.it\/de\/hotel-ori-cesenatico-50-meter-vom-strand-entfernt\/\"},{\"@type\":\"ListItem\",\"position\":2,\"name\":\"\u00dcber uns\"}]},{\"@type\":\"WebSite\",\"@id\":\"https:\/\/staging.hotelori.it\/de\/#website\",\"url\":\"https:\/\/staging.hotelori.it\/de\/\",\"name\":\"Hotel Ori - Cesenatico\",\"description\":\"Hotel 3 stelle a 50 metri dalla spiaggia\",\"potentialAction\":[{\"@type\":\"SearchAction\",\"target\":{\"@type\":\"EntryPoint\",\"urlTemplate\":\"https:\/\/staging.hotelori.it\/de\/?s={search_term_string}\"},\"query-input\":{\"@type\":\"PropertyValueSpecification\",\"valueRequired\":true,\"valueName\":\"search_term_string\"}}],\"inLanguage\":\"de\"}]}<\/script>\n<!-- \/ Yoast SEO plugin. -->","yoast_head_json":{"title":"Drei-Sterne-Hotel in Cesenatico mit Swimmingpool 50 Meter vom Strand entfernt.","description":"Drei-Sterne-Hotel in Cesenatico mit Swimmingpool 50 Meter vom Strand entfernt. Kinder bis 12 Jahre frei. Angebote und Leistungen entdecken und gleich buchen.","robots":{"index":"index","follow":"follow","max-snippet":"max-snippet:-1","max-image-preview":"max-image-preview:large","max-video-preview":"max-video-preview:-1"},"canonical":"https:\/\/staging.hotelori.it\/de\/ueber-uns\/","og_locale":"de_DE","og_type":"article","og_title":"Drei-Sterne-Hotel in Cesenatico mit Swimmingpool 50 Meter vom Strand entfernt.","og_description":"Drei-Sterne-Hotel in Cesenatico mit Swimmingpool 50 Meter vom Strand entfernt. Kinder bis 12 Jahre frei. Angebote und Leistungen entdecken und gleich buchen.","og_url":"https:\/\/staging.hotelori.it\/de\/ueber-uns\/","og_site_name":"Hotel Ori - Cesenatico","article_modified_time":"2025-01-24T17:36:33+00:00","twitter_card":"summary_large_image","twitter_misc":{"Gesch\u00e4tzte Lesezeit":"2\u00a0Minuten"},"schema":{"@context":"https:\/\/schema.org","@graph":[{"@type":"WebPage","@id":"https:\/\/staging.hotelori.it\/de\/ueber-uns\/","url":"https:\/\/staging.hotelori.it\/de\/ueber-uns\/","name":"Drei-Sterne-Hotel in Cesenatico mit Swimmingpool 50 Meter vom Strand entfernt.","isPartOf":{"@id":"https:\/\/staging.hotelori.it\/de\/#website"},"datePublished":"2022-04-07T09:25:08+00:00","dateModified":"2025-01-24T17:36:33+00:00","description":"Drei-Sterne-Hotel in Cesenatico mit Swimmingpool 50 Meter vom Strand entfernt. Kinder bis 12 Jahre frei. Angebote und Leistungen entdecken und gleich buchen.","breadcrumb":{"@id":"https:\/\/staging.hotelori.it\/de\/ueber-uns\/#breadcrumb"},"inLanguage":"de","potentialAction":[{"@type":"ReadAction","target":["https:\/\/staging.hotelori.it\/de\/ueber-uns\/"]}]},{"@type":"BreadcrumbList","@id":"https:\/\/staging.hotelori.it\/de\/ueber-uns\/#breadcrumb","itemListElement":[{"@type":"ListItem","position":1,"name":"Home","item":"https:\/\/staging.hotelori.it\/de\/hotel-ori-cesenatico-50-meter-vom-strand-entfernt\/"},{"@type":"ListItem","position":2,"name":"\u00dcber uns"}]},{"@type":"WebSite","@id":"https:\/\/staging.hotelori.it\/de\/#website","url":"https:\/\/staging.hotelori.it\/de\/","name":"Hotel Ori - Cesenatico","description":"Hotel 3 stelle a 50 metri dalla spiaggia","potentialAction":[{"@type":"SearchAction","target":{"@type":"EntryPoint","urlTemplate":"https:\/\/staging.hotelori.it\/de\/?s={search_term_string}"},"query-input":{"@type":"PropertyValueSpecification","valueRequired":true,"valueName":"search_term_string"}}],"inLanguage":"de"}]}},"_links":{"self":[{"href":"https:\/\/staging.hotelori.it\/de\/wp-json\/wp\/v2\/pages\/671","targetHints":{"allow":["GET"]}}],"collection":[{"href":"https:\/\/staging.hotelori.it\/de\/wp-json\/wp\/v2\/pages"}],"about":[{"href":"https:\/\/staging.hotelori.it\/de\/wp-json\/wp\/v2\/types\/page"}],"author":[{"embeddable":true,"href":"https:\/\/staging.hotelori.it\/de\/wp-json\/wp\/v2\/users\/1"}],"replies":[{"embeddable":true,"href":"https:\/\/staging.hotelori.it\/de\/wp-json\/wp\/v2\/comments?post=671"}],"version-history":[{"count":2,"href":"https:\/\/staging.hotelori.it\/de\/wp-json\/wp\/v2\/pages\/671\/revisions"}],"predecessor-version":[{"id":673,"href":"https:\/\/staging.hotelori.it\/de\/wp-json\/wp\/v2\/pages\/671\/revisions\/673"}],"wp:attachment":[{"href":"https:\/\/staging.hotelori.it\/de\/wp-json\/wp\/v2\/media?parent=671"}],"curies":[{"name":"wp","href":"https:\/\/api.w.org\/{rel}","templated":true}]}}