{"id":674,"date":"2022-04-06T21:32:26","date_gmt":"2022-04-06T21:32:26","guid":{"rendered":"https:\/\/staging.hotelori.it\/kueche\/"},"modified":"2025-01-24T17:49:40","modified_gmt":"2025-01-24T17:49:40","slug":"kueche","status":"publish","type":"page","link":"https:\/\/staging.hotelori.it\/de\/kueche\/","title":{"rendered":"K\u00fcche und Restaurant"},"content":{"rendered":"<div class=\"wpb-content-wrapper\"><p>[vc_section el_class=&#8220;intro-home&#8220;][vc_row full_width=&#8220;stretch_row&#8220; full_height=&#8220;yes&#8220; css=&#8220;.vc_custom_1649276270838{background-image: url(https:\/\/staging.hotelori.it\/wp-content\/uploads\/2022\/04\/IMG_039.jpg?id=302) !important;background-position: center !important;background-repeat: no-repeat !important;background-size: cover !important;}&#8220;][vc_column width=&#8220;1\/2&#8243;][vc_empty_space height=&#8220;200&#8243;][\/vc_column][vc_column width=&#8220;1\/2&#8243;][vc_column_text css_animation=&#8220;fadeInLeft&#8220; el_class=&#8220;box-testo&#8220;]<\/p>\n<h2>Ein eleganter, klimatisierter Restaurantraum<\/h2>\n<p>Setzen Sie sich an Ihren Tisch und lassen Sie sich von unserem Personal und den Aromen unserer K\u00fcche verw\u00f6hnen. Genie\u00dfen Sie Ihre Mahlzeiten in aller Ruhe in einem k\u00fchlen Restaurantraum mit Panoramablick.[\/vc_column_text][\/vc_column][\/vc_row][\/vc_section][vc_section full_width=&#8220;stretch_row&#8220; css=&#8220;.vc_custom_1649235048195{border-top-width: 3px !important;border-top-color: #dbdbdb !important;border-top-style: solid !important;}&#8220;][vc_row][vc_column offset=&#8220;vc_col-md-offset-2 vc_col-md-8&#8243;][vc_column_text]<\/p>\n<h2 style=\"text-align: center;\">Frische Zutaten aus der Umgebung,<br \/>\nspeziell f\u00fcr Sie ausgew\u00e4hlt.<\/h2>\n<p>[\/vc_column_text][vc_column_text]<\/p>\n<p style=\"text-align: center;\">Wie k\u00f6nnte man sich im Urlaub besser verw\u00f6hnen, als mit exzellenter K\u00fcche?<\/p>\n<p style=\"text-align: center;\">Jeden Tag erwarten Sie die besten <strong>romagnolischen Rezepte<\/strong>, die unsere K\u00f6che mit Leidenschaft und mit <strong>Qualit\u00e4tsprodukten aus unserem Land<\/strong> zubereiten.<\/p>\n<p style=\"text-align: center;\">Mit besonderem Augenmerk auf die Kleinen mit ihren Lieblingsgerichten!<\/p>\n<p>[\/vc_column_text][\/vc_column][\/vc_row][\/vc_section][vc_section el_class=&#8220;intro-home&#8220;][vc_row full_width=&#8220;stretch_row&#8220; full_height=&#8220;yes&#8220; css=&#8220;.vc_custom_1649315511070{background-image: url(https:\/\/staging.hotelori.it\/wp-content\/uploads\/2022\/02\/235f3c4a-a20d-4692-bab5-020639847e89.jpg?id=48) !important;background-position: center !important;background-repeat: no-repeat !important;background-size: cover !important;}&#8220;][vc_column width=&#8220;1\/2&#8243;][vc_empty_space height=&#8220;200&#8243;][\/vc_column][vc_column width=&#8220;1\/2&#8243;][vc_column_text css_animation=&#8220;fadeInRight&#8220; el_class=&#8220;box-testo&#8220;]<\/p>\n<h2>Den Geschmack der Emilia Romagna auf dem Tisch<\/h2>\n<p>Zum Mittag- und Abendessen wird eine Auswahl an Fleisch- und Fischgerichten am Tisch serviert, dazu ein reichhaltiges Buffet mit Gem\u00fcse und Beilagen, unterst\u00fctzt von unserem Speisesaalpersonal. Genie\u00dfen Sie die von der romagnolischen Tradition inspirierten Gerichte![\/vc_column_text][\/vc_column][\/vc_row][\/vc_section][vc_section full_width=&#8220;stretch_row&#8220; css=&#8220;.vc_custom_1649235048195{border-top-width: 3px !important;border-top-color: #dbdbdb !important;border-top-style: solid !important;}&#8220;][vc_row][vc_column][vc_column_text]<\/p>\n<h2 style=\"text-align: center;\">Getr\u00e4nke zu den Mahlzeiten sind immer inklusive<\/h2>\n<p>[\/vc_column_text][vc_column_text]<\/p>\n<p style=\"text-align: center;\">W\u00e4hlen Sie, was Sie trinken m\u00f6chten, ohne sich Gedanken \u00fcber zus\u00e4tzliche Kosten machen zu m\u00fcssen: Stilles und kohlens\u00e4urehaltiges Wasser, Hauswein und Erfrischungsgetr\u00e4nke (Orangenlimonade\/Cola) sind immer im Preis inbegriffen.<\/p>\n<p>[\/vc_column_text][\/vc_column][\/vc_row][\/vc_section][vc_section el_class=&#8220;intro-home&#8220;][vc_row full_width=&#8220;stretch_row&#8220; full_height=&#8220;yes&#8220; css=&#8220;.vc_custom_1649315235901{background-image: url(https:\/\/staging.hotelori.it\/wp-content\/uploads\/2022\/04\/bigstock-Top-View-Of-Breakfast-In-Morni-418447804.jpg?id=306) !important;background-position: center !important;background-repeat: no-repeat !important;background-size: cover !important;}&#8220;][vc_column width=&#8220;1\/2&#8243;][vc_column_text css_animation=&#8220;fadeInRight&#8220; el_class=&#8220;box-testo&#8220;]<\/p>\n<h2>Der beste Start in den Tag<\/h2>\n<p>Ein Fr\u00fchst\u00fcck f\u00fcr jeden Geschmack: ein Buffet mit einer gro\u00dfen Auswahl an s\u00fc\u00dfen und herzhaften Speisen und dem Duft von hausgemachtem Kuchen.[\/vc_column_text][\/vc_column][vc_column width=&#8220;1\/2&#8243;][vc_empty_space height=&#8220;200&#8243;][\/vc_column][\/vc_row][\/vc_section]<\/p>\n<\/div>","protected":false},"excerpt":{"rendered":"<p>[vc_section el_class=&#8220;intro-home&#8220;][vc_row full_width=&#8220;stretch_row&#8220; full_height=&#8220;yes&#8220; css=&#8220;.vc_custom_1649276270838{background-image: url(https:\/\/staging.hotelori.it\/wp-content\/uploads\/2022\/04\/IMG_039.jpg?id=302) !important;background-position: center !important;background-repeat: no-repeat !important;background-size: cover !important;}&#8220;][vc_column width=&#8220;1\/2&#8243;][vc_empty_space height=&#8220;200&#8243;][\/vc_column][vc_column width=&#8220;1\/2&#8243;][vc_column_text css_animation=&#8220;fadeInLeft&#8220; el_class=&#8220;box-testo&#8220;] Ein eleganter, klimatisierter Restaurantraum Setzen Sie sich an<span class=\"excerpt-hellip\"> [\u2026]<\/span><\/p>\n","protected":false},"author":1,"featured_media":0,"parent":0,"menu_order":0,"comment_status":"closed","ping_status":"closed","template":"template-no-header.php","meta":{"_acf_changed":false,"footnotes":""},"class_list":["post-674","page","type-page","status-publish","hentry"],"acf":[],"yoast_head":"<!-- This site is optimized with the Yoast SEO plugin v24.3 - https:\/\/yoast.com\/wordpress\/plugins\/seo\/ -->\n<title>Drei-Sterne-Hotel in Cesenatico mit Swimmingpool 50 Meter vom Strand entfernt.<\/title>\n<meta name=\"description\" content=\"Drei-Sterne-Hotel in Cesenatico mit Swimmingpool 50 Meter vom Strand entfernt. Kinder bis 12 Jahre frei. Angebote und Leistungen entdecken und gleich buchen.\" \/>\n<meta name=\"robots\" content=\"index, follow, max-snippet:-1, max-image-preview:large, max-video-preview:-1\" \/>\n<link rel=\"canonical\" href=\"https:\/\/staging.hotelori.it\/de\/kueche\/\" \/>\n<meta property=\"og:locale\" content=\"de_DE\" \/>\n<meta property=\"og:type\" content=\"article\" \/>\n<meta property=\"og:title\" content=\"Drei-Sterne-Hotel in Cesenatico mit Swimmingpool 50 Meter vom Strand entfernt.\" \/>\n<meta property=\"og:description\" content=\"Drei-Sterne-Hotel in Cesenatico mit Swimmingpool 50 Meter vom Strand entfernt. Kinder bis 12 Jahre frei. Angebote und Leistungen entdecken und gleich buchen.\" \/>\n<meta property=\"og:url\" content=\"https:\/\/staging.hotelori.it\/de\/kueche\/\" \/>\n<meta property=\"og:site_name\" content=\"Hotel Ori - Cesenatico\" \/>\n<meta property=\"article:modified_time\" content=\"2025-01-24T17:49:40+00:00\" \/>\n<meta name=\"twitter:card\" content=\"summary_large_image\" \/>\n<meta name=\"twitter:label1\" content=\"Gesch\u00e4tzte Lesezeit\" \/>\n\t<meta name=\"twitter:data1\" content=\"3\u00a0Minuten\" \/>\n<script type=\"application\/ld+json\" class=\"yoast-schema-graph\">{\"@context\":\"https:\/\/schema.org\",\"@graph\":[{\"@type\":\"WebPage\",\"@id\":\"https:\/\/staging.hotelori.it\/de\/kueche\/\",\"url\":\"https:\/\/staging.hotelori.it\/de\/kueche\/\",\"name\":\"Drei-Sterne-Hotel in Cesenatico mit Swimmingpool 50 Meter vom Strand entfernt.\",\"isPartOf\":{\"@id\":\"https:\/\/staging.hotelori.it\/de\/#website\"},\"datePublished\":\"2022-04-06T21:32:26+00:00\",\"dateModified\":\"2025-01-24T17:49:40+00:00\",\"description\":\"Drei-Sterne-Hotel in Cesenatico mit Swimmingpool 50 Meter vom Strand entfernt. Kinder bis 12 Jahre frei. Angebote und Leistungen entdecken und gleich buchen.\",\"breadcrumb\":{\"@id\":\"https:\/\/staging.hotelori.it\/de\/kueche\/#breadcrumb\"},\"inLanguage\":\"de\",\"potentialAction\":[{\"@type\":\"ReadAction\",\"target\":[\"https:\/\/staging.hotelori.it\/de\/kueche\/\"]}]},{\"@type\":\"BreadcrumbList\",\"@id\":\"https:\/\/staging.hotelori.it\/de\/kueche\/#breadcrumb\",\"itemListElement\":[{\"@type\":\"ListItem\",\"position\":1,\"name\":\"Home\",\"item\":\"https:\/\/staging.hotelori.it\/de\/hotel-ori-cesenatico-50-meter-vom-strand-entfernt\/\"},{\"@type\":\"ListItem\",\"position\":2,\"name\":\"K\u00fcche und Restaurant\"}]},{\"@type\":\"WebSite\",\"@id\":\"https:\/\/staging.hotelori.it\/de\/#website\",\"url\":\"https:\/\/staging.hotelori.it\/de\/\",\"name\":\"Hotel Ori - Cesenatico\",\"description\":\"Hotel 3 stelle a 50 metri dalla spiaggia\",\"potentialAction\":[{\"@type\":\"SearchAction\",\"target\":{\"@type\":\"EntryPoint\",\"urlTemplate\":\"https:\/\/staging.hotelori.it\/de\/?s={search_term_string}\"},\"query-input\":{\"@type\":\"PropertyValueSpecification\",\"valueRequired\":true,\"valueName\":\"search_term_string\"}}],\"inLanguage\":\"de\"}]}<\/script>\n<!-- \/ Yoast SEO plugin. -->","yoast_head_json":{"title":"Drei-Sterne-Hotel in Cesenatico mit Swimmingpool 50 Meter vom Strand entfernt.","description":"Drei-Sterne-Hotel in Cesenatico mit Swimmingpool 50 Meter vom Strand entfernt. Kinder bis 12 Jahre frei. Angebote und Leistungen entdecken und gleich buchen.","robots":{"index":"index","follow":"follow","max-snippet":"max-snippet:-1","max-image-preview":"max-image-preview:large","max-video-preview":"max-video-preview:-1"},"canonical":"https:\/\/staging.hotelori.it\/de\/kueche\/","og_locale":"de_DE","og_type":"article","og_title":"Drei-Sterne-Hotel in Cesenatico mit Swimmingpool 50 Meter vom Strand entfernt.","og_description":"Drei-Sterne-Hotel in Cesenatico mit Swimmingpool 50 Meter vom Strand entfernt. Kinder bis 12 Jahre frei. Angebote und Leistungen entdecken und gleich buchen.","og_url":"https:\/\/staging.hotelori.it\/de\/kueche\/","og_site_name":"Hotel Ori - Cesenatico","article_modified_time":"2025-01-24T17:49:40+00:00","twitter_card":"summary_large_image","twitter_misc":{"Gesch\u00e4tzte Lesezeit":"3\u00a0Minuten"},"schema":{"@context":"https:\/\/schema.org","@graph":[{"@type":"WebPage","@id":"https:\/\/staging.hotelori.it\/de\/kueche\/","url":"https:\/\/staging.hotelori.it\/de\/kueche\/","name":"Drei-Sterne-Hotel in Cesenatico mit Swimmingpool 50 Meter vom Strand entfernt.","isPartOf":{"@id":"https:\/\/staging.hotelori.it\/de\/#website"},"datePublished":"2022-04-06T21:32:26+00:00","dateModified":"2025-01-24T17:49:40+00:00","description":"Drei-Sterne-Hotel in Cesenatico mit Swimmingpool 50 Meter vom Strand entfernt. Kinder bis 12 Jahre frei. Angebote und Leistungen entdecken und gleich buchen.","breadcrumb":{"@id":"https:\/\/staging.hotelori.it\/de\/kueche\/#breadcrumb"},"inLanguage":"de","potentialAction":[{"@type":"ReadAction","target":["https:\/\/staging.hotelori.it\/de\/kueche\/"]}]},{"@type":"BreadcrumbList","@id":"https:\/\/staging.hotelori.it\/de\/kueche\/#breadcrumb","itemListElement":[{"@type":"ListItem","position":1,"name":"Home","item":"https:\/\/staging.hotelori.it\/de\/hotel-ori-cesenatico-50-meter-vom-strand-entfernt\/"},{"@type":"ListItem","position":2,"name":"K\u00fcche und Restaurant"}]},{"@type":"WebSite","@id":"https:\/\/staging.hotelori.it\/de\/#website","url":"https:\/\/staging.hotelori.it\/de\/","name":"Hotel Ori - Cesenatico","description":"Hotel 3 stelle a 50 metri dalla spiaggia","potentialAction":[{"@type":"SearchAction","target":{"@type":"EntryPoint","urlTemplate":"https:\/\/staging.hotelori.it\/de\/?s={search_term_string}"},"query-input":{"@type":"PropertyValueSpecification","valueRequired":true,"valueName":"search_term_string"}}],"inLanguage":"de"}]}},"_links":{"self":[{"href":"https:\/\/staging.hotelori.it\/de\/wp-json\/wp\/v2\/pages\/674","targetHints":{"allow":["GET"]}}],"collection":[{"href":"https:\/\/staging.hotelori.it\/de\/wp-json\/wp\/v2\/pages"}],"about":[{"href":"https:\/\/staging.hotelori.it\/de\/wp-json\/wp\/v2\/types\/page"}],"author":[{"embeddable":true,"href":"https:\/\/staging.hotelori.it\/de\/wp-json\/wp\/v2\/users\/1"}],"replies":[{"embeddable":true,"href":"https:\/\/staging.hotelori.it\/de\/wp-json\/wp\/v2\/comments?post=674"}],"version-history":[{"count":2,"href":"https:\/\/staging.hotelori.it\/de\/wp-json\/wp\/v2\/pages\/674\/revisions"}],"predecessor-version":[{"id":676,"href":"https:\/\/staging.hotelori.it\/de\/wp-json\/wp\/v2\/pages\/674\/revisions\/676"}],"wp:attachment":[{"href":"https:\/\/staging.hotelori.it\/de\/wp-json\/wp\/v2\/media?parent=674"}],"curies":[{"name":"wp","href":"https:\/\/api.w.org\/{rel}","templated":true}]}}