{"id":677,"date":"2022-04-06T08:50:50","date_gmt":"2022-04-06T08:50:50","guid":{"rendered":"https:\/\/staging.hotelori.it\/ruhebereich\/"},"modified":"2025-01-24T17:55:11","modified_gmt":"2025-01-24T17:55:11","slug":"ruhebereich","status":"publish","type":"page","link":"https:\/\/staging.hotelori.it\/de\/ruhebereich\/","title":{"rendered":"Schwimmbad und Ruhebereich"},"content":{"rendered":"<div class=\"wpb-content-wrapper\"><p>[vc_section disable_element=&#8220;yes&#8220; el_class=&#8220;intro-home&#8220;][vc_row][vc_column][vc_empty_space][vc_column_text]<\/p>\n<h1 style=\"text-align: center;\">Alle Annehmlichkeiten, die Sie sich w\u00fcnschen<br \/>\nin einer famili\u00e4ren und einladenden Umgebung<\/h1>\n<p>[\/vc_column_text][vc_empty_space][\/vc_column][\/vc_row][\/vc_section][vc_section el_class=&#8220;intro-home&#8220;][vc_row full_width=&#8220;stretch_row&#8220; full_height=&#8220;yes&#8220; css=&#8220;.vc_custom_1649234623125{background-image: url(https:\/\/staging.hotelori.it\/wp-content\/uploads\/2022\/02\/IMG_044.jpg?id=16) !important;background-position: center !important;background-repeat: no-repeat !important;background-size: cover !important;}&#8220;][vc_column width=&#8220;1\/2&#8243;][vc_empty_space height=&#8220;200&#8243;][\/vc_column][vc_column width=&#8220;1\/2&#8243;][vc_column_text css_animation=&#8220;fadeInLeft&#8220; el_class=&#8220;box-testo&#8220;]<\/p>\n<h2>Ein Sprung in den Pool wird Ihren Tag erfrischen!<\/h2>\n<p>Vergn\u00fcgen Sie sich im sch\u00f6nen Swimmingpool im Innenhof, wo Sie Ihre Nachmittage in der Sonne, auf einer Sonnenliege oder vielleicht beim Spielen im Wasser mit Ihrer Familie verbringen k\u00f6nnen.[\/vc_column_text][\/vc_column][\/vc_row][\/vc_section][vc_section full_width=&#8220;stretch_row&#8220; css=&#8220;.vc_custom_1649235048195{border-top-width: 3px !important;border-top-color: #dbdbdb !important;border-top-style: solid !important;}&#8220;][vc_row][vc_column][vc_column_text]<\/p>\n<h2 style=\"text-align: center;\">Schlie\u00dfen Sie die Augen und entspannen Sie sich &#8230; Sie sind im Urlaub!<\/h2>\n<p>[\/vc_column_text][vc_column_text]<\/p>\n<p style=\"text-align: center;\">Schwimmbad, Terrasse, Flur: perfekt verbundene R\u00e4ume, in denen<strong> Ihre Kinder den Tag in v\u00f6lliger Freiheit verbringen k\u00f6nnen<\/strong>: selbstst\u00e4ndig laufen und spielen in einer sicheren und kontrollierten Umgebung. <strong>Und Sie? Endlich k\u00f6nnen Sie entspannen! <\/strong>.<\/p>\n<p>[\/vc_column_text][\/vc_column][\/vc_row][\/vc_section][vc_section el_class=&#8220;intro-home&#8220;][vc_row full_width=&#8220;stretch_row&#8220; full_height=&#8220;yes&#8220; css=&#8220;.vc_custom_1649234582805{background-image: url(https:\/\/staging.hotelori.it\/wp-content\/uploads\/2022\/02\/IMG_8862.jpg?id=20) !important;background-position: center !important;background-repeat: no-repeat !important;background-size: cover !important;}&#8220;][vc_column width=&#8220;1\/2&#8243;][vc_column_text css_animation=&#8220;fadeInRight&#8220; el_class=&#8220;box-testo&#8220;]<\/p>\n<h2>Machen Sie es sich bequem und genie\u00dfen Sie die Zeit<\/h2>\n<p>Eine gro\u00dfz\u00fcgige Terrasse mit Blick auf die \u201ePromenade\u201c, wo Sie einen guten Aperitif oder einen Kaffee genie\u00dfen und die Meeresbrise genie\u00dfen k\u00f6nnen.[\/vc_column_text][\/vc_column][vc_column width=&#8220;1\/2&#8243;][vc_empty_space height=&#8220;200&#8243;][\/vc_column][\/vc_row][\/vc_section][vc_section full_width=&#8220;stretch_row&#8220; el_id=&#8220;ambienti&#8220; css=&#8220;.vc_custom_1648574209836{border-top-width: 3px !important;border-top-color: #dbdbdb !important;border-top-style: solid !important;}&#8220;][vc_row][vc_column][vc_column_text]<\/p>\n<h2 style=\"text-align: center;\">Fotogalerie<\/h2>\n<p>[\/vc_column_text][vc_media_grid element_width=&#8220;3&#8243; gap=&#8220;20&#8243; grid_id=&#8220;vc_gid:1679936433675-2cc0d56d-828e-3&#8243; include=&#8220;51,20,21,53,16,19&#8243;][\/vc_column][\/vc_row][\/vc_section]<\/p>\n<\/div>","protected":false},"excerpt":{"rendered":"<p>[vc_section disable_element=&#8220;yes&#8220; el_class=&#8220;intro-home&#8220;][vc_row][vc_column][vc_empty_space][vc_column_text] Alle Annehmlichkeiten, die Sie sich w\u00fcnschen in einer famili\u00e4ren und einladenden Umgebung [\/vc_column_text][vc_empty_space][\/vc_column][\/vc_row][\/vc_section][vc_section el_class=&#8220;intro-home&#8220;][vc_row full_width=&#8220;stretch_row&#8220; full_height=&#8220;yes&#8220; css=&#8220;.vc_custom_1649234623125{background-image: url(https:\/\/staging.hotelori.it\/wp-content\/uploads\/2022\/02\/IMG_044.jpg?id=16) !important;background-position: center !important;background-repeat: no-repeat !important;background-size:<span class=\"excerpt-hellip\"> [\u2026]<\/span><\/p>\n","protected":false},"author":1,"featured_media":0,"parent":0,"menu_order":0,"comment_status":"closed","ping_status":"closed","template":"template-no-header.php","meta":{"_acf_changed":false,"footnotes":""},"class_list":["post-677","page","type-page","status-publish","hentry"],"acf":[],"yoast_head":"<!-- This site is optimized with the Yoast SEO plugin v24.3 - https:\/\/yoast.com\/wordpress\/plugins\/seo\/ -->\n<title>Drei-Sterne-Hotel in Cesenatico mit Swimmingpool 50 Meter vom Strand entfernt.<\/title>\n<meta name=\"description\" content=\"Drei-Sterne-Hotel in Cesenatico mit Swimmingpool 50 Meter vom Strand entfernt. Kinder bis 12 Jahre frei. Angebote und Leistungen entdecken und gleich buchen.\" \/>\n<meta name=\"robots\" content=\"index, follow, max-snippet:-1, max-image-preview:large, max-video-preview:-1\" \/>\n<link rel=\"canonical\" href=\"https:\/\/staging.hotelori.it\/de\/ruhebereich\/\" \/>\n<meta property=\"og:locale\" content=\"de_DE\" \/>\n<meta property=\"og:type\" content=\"article\" \/>\n<meta property=\"og:title\" content=\"Drei-Sterne-Hotel in Cesenatico mit Swimmingpool 50 Meter vom Strand entfernt.\" \/>\n<meta property=\"og:description\" content=\"Drei-Sterne-Hotel in Cesenatico mit Swimmingpool 50 Meter vom Strand entfernt. Kinder bis 12 Jahre frei. Angebote und Leistungen entdecken und gleich buchen.\" \/>\n<meta property=\"og:url\" content=\"https:\/\/staging.hotelori.it\/de\/ruhebereich\/\" \/>\n<meta property=\"og:site_name\" content=\"Hotel Ori - Cesenatico\" \/>\n<meta property=\"article:modified_time\" content=\"2025-01-24T17:55:11+00:00\" \/>\n<meta name=\"twitter:card\" content=\"summary_large_image\" \/>\n<meta name=\"twitter:label1\" content=\"Gesch\u00e4tzte Lesezeit\" \/>\n\t<meta name=\"twitter:data1\" content=\"2\u00a0Minuten\" \/>\n<script type=\"application\/ld+json\" class=\"yoast-schema-graph\">{\"@context\":\"https:\/\/schema.org\",\"@graph\":[{\"@type\":\"WebPage\",\"@id\":\"https:\/\/staging.hotelori.it\/de\/ruhebereich\/\",\"url\":\"https:\/\/staging.hotelori.it\/de\/ruhebereich\/\",\"name\":\"Drei-Sterne-Hotel in Cesenatico mit Swimmingpool 50 Meter vom Strand entfernt.\",\"isPartOf\":{\"@id\":\"https:\/\/staging.hotelori.it\/de\/#website\"},\"datePublished\":\"2022-04-06T08:50:50+00:00\",\"dateModified\":\"2025-01-24T17:55:11+00:00\",\"description\":\"Drei-Sterne-Hotel in Cesenatico mit Swimmingpool 50 Meter vom Strand entfernt. Kinder bis 12 Jahre frei. Angebote und Leistungen entdecken und gleich buchen.\",\"breadcrumb\":{\"@id\":\"https:\/\/staging.hotelori.it\/de\/ruhebereich\/#breadcrumb\"},\"inLanguage\":\"de\",\"potentialAction\":[{\"@type\":\"ReadAction\",\"target\":[\"https:\/\/staging.hotelori.it\/de\/ruhebereich\/\"]}]},{\"@type\":\"BreadcrumbList\",\"@id\":\"https:\/\/staging.hotelori.it\/de\/ruhebereich\/#breadcrumb\",\"itemListElement\":[{\"@type\":\"ListItem\",\"position\":1,\"name\":\"Home\",\"item\":\"https:\/\/staging.hotelori.it\/de\/hotel-ori-cesenatico-50-meter-vom-strand-entfernt\/\"},{\"@type\":\"ListItem\",\"position\":2,\"name\":\"Schwimmbad und Ruhebereich\"}]},{\"@type\":\"WebSite\",\"@id\":\"https:\/\/staging.hotelori.it\/de\/#website\",\"url\":\"https:\/\/staging.hotelori.it\/de\/\",\"name\":\"Hotel Ori - Cesenatico\",\"description\":\"Hotel 3 stelle a 50 metri dalla spiaggia\",\"potentialAction\":[{\"@type\":\"SearchAction\",\"target\":{\"@type\":\"EntryPoint\",\"urlTemplate\":\"https:\/\/staging.hotelori.it\/de\/?s={search_term_string}\"},\"query-input\":{\"@type\":\"PropertyValueSpecification\",\"valueRequired\":true,\"valueName\":\"search_term_string\"}}],\"inLanguage\":\"de\"}]}<\/script>\n<!-- \/ Yoast SEO plugin. -->","yoast_head_json":{"title":"Drei-Sterne-Hotel in Cesenatico mit Swimmingpool 50 Meter vom Strand entfernt.","description":"Drei-Sterne-Hotel in Cesenatico mit Swimmingpool 50 Meter vom Strand entfernt. Kinder bis 12 Jahre frei. Angebote und Leistungen entdecken und gleich buchen.","robots":{"index":"index","follow":"follow","max-snippet":"max-snippet:-1","max-image-preview":"max-image-preview:large","max-video-preview":"max-video-preview:-1"},"canonical":"https:\/\/staging.hotelori.it\/de\/ruhebereich\/","og_locale":"de_DE","og_type":"article","og_title":"Drei-Sterne-Hotel in Cesenatico mit Swimmingpool 50 Meter vom Strand entfernt.","og_description":"Drei-Sterne-Hotel in Cesenatico mit Swimmingpool 50 Meter vom Strand entfernt. Kinder bis 12 Jahre frei. Angebote und Leistungen entdecken und gleich buchen.","og_url":"https:\/\/staging.hotelori.it\/de\/ruhebereich\/","og_site_name":"Hotel Ori - Cesenatico","article_modified_time":"2025-01-24T17:55:11+00:00","twitter_card":"summary_large_image","twitter_misc":{"Gesch\u00e4tzte Lesezeit":"2\u00a0Minuten"},"schema":{"@context":"https:\/\/schema.org","@graph":[{"@type":"WebPage","@id":"https:\/\/staging.hotelori.it\/de\/ruhebereich\/","url":"https:\/\/staging.hotelori.it\/de\/ruhebereich\/","name":"Drei-Sterne-Hotel in Cesenatico mit Swimmingpool 50 Meter vom Strand entfernt.","isPartOf":{"@id":"https:\/\/staging.hotelori.it\/de\/#website"},"datePublished":"2022-04-06T08:50:50+00:00","dateModified":"2025-01-24T17:55:11+00:00","description":"Drei-Sterne-Hotel in Cesenatico mit Swimmingpool 50 Meter vom Strand entfernt. Kinder bis 12 Jahre frei. Angebote und Leistungen entdecken und gleich buchen.","breadcrumb":{"@id":"https:\/\/staging.hotelori.it\/de\/ruhebereich\/#breadcrumb"},"inLanguage":"de","potentialAction":[{"@type":"ReadAction","target":["https:\/\/staging.hotelori.it\/de\/ruhebereich\/"]}]},{"@type":"BreadcrumbList","@id":"https:\/\/staging.hotelori.it\/de\/ruhebereich\/#breadcrumb","itemListElement":[{"@type":"ListItem","position":1,"name":"Home","item":"https:\/\/staging.hotelori.it\/de\/hotel-ori-cesenatico-50-meter-vom-strand-entfernt\/"},{"@type":"ListItem","position":2,"name":"Schwimmbad und Ruhebereich"}]},{"@type":"WebSite","@id":"https:\/\/staging.hotelori.it\/de\/#website","url":"https:\/\/staging.hotelori.it\/de\/","name":"Hotel Ori - Cesenatico","description":"Hotel 3 stelle a 50 metri dalla spiaggia","potentialAction":[{"@type":"SearchAction","target":{"@type":"EntryPoint","urlTemplate":"https:\/\/staging.hotelori.it\/de\/?s={search_term_string}"},"query-input":{"@type":"PropertyValueSpecification","valueRequired":true,"valueName":"search_term_string"}}],"inLanguage":"de"}]}},"_links":{"self":[{"href":"https:\/\/staging.hotelori.it\/de\/wp-json\/wp\/v2\/pages\/677","targetHints":{"allow":["GET"]}}],"collection":[{"href":"https:\/\/staging.hotelori.it\/de\/wp-json\/wp\/v2\/pages"}],"about":[{"href":"https:\/\/staging.hotelori.it\/de\/wp-json\/wp\/v2\/types\/page"}],"author":[{"embeddable":true,"href":"https:\/\/staging.hotelori.it\/de\/wp-json\/wp\/v2\/users\/1"}],"replies":[{"embeddable":true,"href":"https:\/\/staging.hotelori.it\/de\/wp-json\/wp\/v2\/comments?post=677"}],"version-history":[{"count":2,"href":"https:\/\/staging.hotelori.it\/de\/wp-json\/wp\/v2\/pages\/677\/revisions"}],"predecessor-version":[{"id":679,"href":"https:\/\/staging.hotelori.it\/de\/wp-json\/wp\/v2\/pages\/677\/revisions\/679"}],"wp:attachment":[{"href":"https:\/\/staging.hotelori.it\/de\/wp-json\/wp\/v2\/media?parent=677"}],"curies":[{"name":"wp","href":"https:\/\/api.w.org\/{rel}","templated":true}]}}