{"id":685,"date":"2022-04-06T19:39:15","date_gmt":"2022-04-06T19:39:15","guid":{"rendered":"https:\/\/staging.hotelori.it\/all-inclusive\/"},"modified":"2025-01-27T09:03:12","modified_gmt":"2025-01-27T09:03:12","slug":"all-inclusive","status":"publish","type":"page","link":"https:\/\/staging.hotelori.it\/de\/all-inclusive\/","title":{"rendered":"All-Inclusive-Formel"},"content":{"rendered":"<div class=\"wpb-content-wrapper\"><p>[vc_section el_class=&#8220;intro-home&#8220;][vc_row][vc_column][vc_column_text]<\/p>\n<h1 style=\"text-align: center;\">W\u00e4hlen Sie die All-Inclusive-Formel, um alle Leistungen im Preis inbegriffen zu haben!<\/h1>\n<p>[\/vc_column_text][vc_empty_space][\/vc_column][\/vc_row][vc_row][vc_column][vc_row_inner][vc_column_inner width=&#8220;1\/4&#8243; offset=&#8220;vc_col-xs-12&#8243;]<div class=\"list_item lists_1 clearfix\"><div class=\"list_left list_icon\"><i class=\"fas fa-coffee\"><\/i><\/div><div class=\"list_right\"><h4>Ricca Colazione<\/h4><div class=\"desc\">Variet\u00e0 di dolci e salato<\/div><\/div><\/div>\n<div class=\"list_item lists_1 clearfix\"><div class=\"list_left list_icon\"><i class=\"fas fa-utensils\"><\/i><\/div><div class=\"list_right\"><h4>Pranzo \/ Cena<\/h4><div class=\"desc\">con servizio al tavolo<\/div><\/div><\/div>\n<div class=\"list_item lists_1 clearfix\"><div class=\"list_left list_icon\"><i class=\"fas fa-wine-glass-alt\"><\/i><\/div><div class=\"list_right\"><h4>Bevande ai pasti<\/h4><div class=\"desc\">Acqua, vino e bibite<\/div><\/div><\/div>\n[\/vc_column_inner][vc_column_inner width=&#8220;1\/4&#8243; offset=&#8220;vc_col-xs-12&#8243;]<div class=\"list_item lists_1 clearfix\"><div class=\"list_left list_icon\"><i class=\"fas fa-parking\"><\/i><\/div><div class=\"list_right\"><h4>Parken<\/h4><div class=\"desc\">Garantiert f\u00fcr alle unsere G\u00e4ste<\/div><\/div><\/div>\n<div class=\"list_item lists_1 clearfix\"><div class=\"list_left list_icon\"><i class=\"fas fa-swimming-pool\"><\/i><\/div><div class=\"list_right\"><h4>Pool<\/h4><div class=\"desc\">direkt am Hotel<\/div><\/div><\/div>\n<div class=\"list_item lists_1 clearfix\"><div class=\"list_left list_icon\"><i class=\"fas fa-umbrella-beach\"><\/i><\/div><div class=\"list_right\"><h4>Innenbereich \/ Garten<\/h4><div class=\"desc\">mit Ruhebereich<\/div><\/div><\/div>\n[\/vc_column_inner][vc_column_inner width=&#8220;1\/4&#8243; offset=&#8220;vc_col-xs-12&#8243;]<div class=\"list_item lists_1 clearfix\"><div class=\"list_left list_icon\"><i class=\"fas fa-bicycle\"><\/i><\/div><div class=\"list_right\"><h4>Fahrr\u00e4der<\/h4><div class=\"desc\">Kostenlos erh\u00e4ltlich <\/div><\/div><\/div>\n<div class=\"list_item lists_1 clearfix\"><div class=\"list_left list_icon\"><i class=\"icon-chart-bar\"><\/i><\/div><div class=\"list_right\"><h4>Kostenloses WLAN<\/h4><div class=\"desc\">in allen R\u00e4umen<\/div><\/div><\/div>\n[\/vc_column_inner][vc_column_inner width=&#8220;1\/4&#8243; offset=&#8220;vc_col-xs-12&#8243;]<div class=\"list_item lists_1 clearfix\"><div class=\"list_left list_icon\"><i class=\"fas fa-temperature-low\"><\/i><\/div><div class=\"list_right\"><h4>Climatizzazione<\/h4><div class=\"desc\">Aria condizionata \/ riscaldamento anche in camera<\/div><\/div><\/div>\n<div class=\"list_item lists_1 clearfix\"><div class=\"list_left list_icon\"><i class=\"fas fa-suitcase-rolling\"><\/i><\/div><div class=\"list_right\"><h4>Deposito Bagagli<\/h4><div class=\"desc\"><\/div><\/div><\/div>\n[\/vc_column_inner][\/vc_row_inner][\/vc_column][\/vc_row][\/vc_section][vc_section full_width=&#8220;stretch_row&#8220; el_class=&#8220;intro-home&#8220; css=&#8220;.vc_custom_1649322735922{border-top-width: 3px !important;border-top-color: #dbdbdb !important;border-top-style: solid !important;}&#8220;][vc_row][vc_column][vc_empty_space][vc_column_text]<\/p>\n<h1 style=\"text-align: center;\">Die von unseren G\u00e4sten am meisten gesch\u00e4tzten Dienstleistungen:<\/h1>\n<p>[\/vc_column_text][vc_empty_space][\/vc_column][\/vc_row][vc_row full_width=&#8220;stretch_row&#8220; full_height=&#8220;yes&#8220; css=&#8220;.vc_custom_1679936301124{background-image: url(https:\/\/staging.hotelori.it\/wp-content\/uploads\/2022\/04\/bigstock-Summer-holiday-Travel-famil-67187323.jpg?id=286) !important;background-position: center !important;background-repeat: no-repeat !important;background-size: cover !important;}&#8220; el_class=&#8220;bg-fixed&#8220;][vc_column width=&#8220;1\/2&#8243;][vc_empty_space height=&#8220;200&#8243;][\/vc_column][vc_column width=&#8220;1\/2&#8243;][vc_column_text css_animation=&#8220;fadeInRight&#8220; el_class=&#8220;box-testo&#8220;]<\/p>\n<h2>Parkplatz, gro\u00df und sicher<\/h2>\n<h4>Lassen Sie Ihr Auto w\u00e4hrend Ihres Urlaubs sicher parken<\/h4>\n<p>Ein Urlaub ohne alle Widrigkeiten. Bei Ihrer Ankunft k\u00f6nnen Sie Ihr Auto auf unserem Privatparkplatz abstellen, der 50 Meter vom Hotel entfernt liegt. Mit der Fernbedienung, die wir Ihnen bei Ihrer Ankunft zur Verf\u00fcgung stellen, k\u00f6nnen Sie jederzeit ein- und auschecken. Der Parkplatz ist klein und gro\u00df, ein Platz f\u00fcr Ihr Auto ist immer garantiert.[\/vc_column_text][\/vc_column][\/vc_row][vc_row full_width=&#8220;stretch_row&#8220; full_height=&#8220;yes&#8220; css=&#8220;.vc_custom_1679936357851{border-bottom-width: 20px !important;background-image: url(https:\/\/staging.hotelori.it\/wp-content\/uploads\/2022\/02\/2a3332a8-33b2-41d6-926f-a8eff2f4ee1f.jpg?id=49) !important;background-position: center !important;background-repeat: no-repeat !important;background-size: cover !important;border-bottom-color: #ffffff !important;border-bottom-style: solid !important;}&#8220;][vc_column width=&#8220;1\/2&#8243;][vc_column_text css_animation=&#8220;fadeInRight&#8220; el_class=&#8220;box-testo&#8220;]<\/p>\n<h2>Typische romagnolische K\u00fcche<\/h2>\n<h4>mit erstklassigen Produkten<\/h4>\n<p>Die K\u00fcche ist unsere St\u00e4rke. Von der lokalen Tradition inspirierte Gerichte, zubereitet mit von uns sorgf\u00e4ltig ausgew\u00e4hlten Zutaten.<\/p>\n<p><a class=\"button  has-icon button_right button_full_width button_size_2\" href=\"\/kueche\/\" style=\"background-color:#dfc47a!important;color:#000;\"    ><span class=\"button_icon\"><i class=\"fas fa-angle-right\"  style=\"color:#000!important;\"><\/i><\/span><span class=\"button_label\">Weitere Informationen<\/span><\/a>\n[\/vc_column_text][\/vc_column][vc_column width=&#8220;1\/2&#8243;][vc_empty_space height=&#8220;200&#8243;][\/vc_column][\/vc_row][vc_row full_width=&#8220;stretch_row&#8220; full_height=&#8220;yes&#8220; css=&#8220;.vc_custom_1679936182226{background-image: url(https:\/\/staging.hotelori.it\/wp-content\/uploads\/2022\/02\/IMG_0170-1024&#215;682-1.jpg?id=50) !important;background-position: center !important;background-repeat: no-repeat !important;background-size: cover !important;}&#8220; el_class=&#8220;bg-fixed&#8220;][vc_column width=&#8220;1\/2&#8243;][vc_empty_space height=&#8220;200&#8243;][\/vc_column][vc_column width=&#8220;1\/2&#8243;][vc_column_text css_animation=&#8220;fadeInRight&#8220; el_class=&#8220;box-testo&#8220;]<\/p>\n<h2>Fahrrad-Laufr\u00e4der &#8211; Verkauf<\/h2>\n<h4>Auch mit Kindern ohne Auto in der Stadt unterwegs zu sein.<\/h4>\n<p>Sei es am Wochenende oder in den Ferien, eine sch\u00f6ne M\u00f6glichkeit nach Cesenatico zu entfliehen ist mit dem Fahrrad. Und wenn Sie kleine Kinder haben, stellen wir einen Kindersitz hinein und nehmen sie mit![\/vc_column_text][\/vc_column][\/vc_row][\/vc_section]<\/p>\n<\/div>","protected":false},"excerpt":{"rendered":"<p>[vc_section el_class=&#8220;intro-home&#8220;][vc_row][vc_column][vc_column_text] W\u00e4hlen Sie die All-Inclusive-Formel, um alle Leistungen im Preis inbegriffen zu haben! [\/vc_column_text][vc_empty_space][\/vc_column][\/vc_row][vc_row][vc_column][vc_row_inner][vc_column_inner width=&#8220;1\/4&#8243; offset=&#8220;vc_col-xs-12&#8243;][\/vc_column_inner][vc_column_inner width=&#8220;1\/4&#8243; offset=&#8220;vc_col-xs-12&#8243;][\/vc_column_inner][vc_column_inner width=&#8220;1\/4&#8243; offset=&#8220;vc_col-xs-12&#8243;][\/vc_column_inner][vc_column_inner width=&#8220;1\/4&#8243; offset=&#8220;vc_col-xs-12&#8243;][\/vc_column_inner][\/vc_row_inner][\/vc_column][\/vc_row][\/vc_section][vc_section full_width=&#8220;stretch_row&#8220; el_class=&#8220;intro-home&#8220; css=&#8220;.vc_custom_1649322735922{border-top-width:<span class=\"excerpt-hellip\"> [\u2026]<\/span><\/p>\n","protected":false},"author":1,"featured_media":580,"parent":0,"menu_order":0,"comment_status":"closed","ping_status":"closed","template":"","meta":{"_acf_changed":false,"footnotes":""},"class_list":["post-685","page","type-page","status-publish","has-post-thumbnail","hentry"],"acf":[],"yoast_head":"<!-- This site is optimized with the Yoast SEO plugin v24.3 - https:\/\/yoast.com\/wordpress\/plugins\/seo\/ -->\n<title>Hotel Ori, Cesenatico - 3 Sterne mit Schwimmbad, 50 Meter vom Meer entfernt<\/title>\n<meta name=\"description\" content=\"Drei-Sterne-Hotel in Cesenatico, mit Swimmingpool, 50 Meter vom Strand entfernt. Kinder bis 12 Jahre frei. Angebote und Leistungen entdecken und gleich buchen.\" \/>\n<meta name=\"robots\" content=\"index, follow, max-snippet:-1, max-image-preview:large, max-video-preview:-1\" \/>\n<link rel=\"canonical\" href=\"https:\/\/staging.hotelori.it\/de\/all-inclusive\/\" \/>\n<meta property=\"og:locale\" content=\"de_DE\" \/>\n<meta property=\"og:type\" content=\"article\" \/>\n<meta property=\"og:title\" content=\"Hotel Ori, Cesenatico - 3 Sterne mit Schwimmbad, 50 Meter vom Meer entfernt\" \/>\n<meta property=\"og:description\" content=\"Drei-Sterne-Hotel in Cesenatico, mit Swimmingpool, 50 Meter vom Strand entfernt. Kinder bis 12 Jahre frei. Angebote und Leistungen entdecken und gleich buchen.\" \/>\n<meta property=\"og:url\" content=\"https:\/\/staging.hotelori.it\/de\/all-inclusive\/\" \/>\n<meta property=\"og:site_name\" content=\"Hotel Ori - Cesenatico\" \/>\n<meta property=\"article:modified_time\" content=\"2025-01-27T09:03:12+00:00\" \/>\n<meta property=\"og:image\" content=\"https:\/\/staging.hotelori.it\/wp-content\/uploads\/2022\/04\/bigstock-Close-up-Female-Hands-Packing-410465278.jpg\" \/>\n\t<meta property=\"og:image:width\" content=\"1440\" \/>\n\t<meta property=\"og:image:height\" content=\"960\" \/>\n\t<meta property=\"og:image:type\" content=\"image\/jpeg\" \/>\n<meta name=\"twitter:card\" content=\"summary_large_image\" \/>\n<meta name=\"twitter:label1\" content=\"Gesch\u00e4tzte Lesezeit\" \/>\n\t<meta name=\"twitter:data1\" content=\"3\u00a0Minuten\" \/>\n<script type=\"application\/ld+json\" class=\"yoast-schema-graph\">{\"@context\":\"https:\/\/schema.org\",\"@graph\":[{\"@type\":\"WebPage\",\"@id\":\"https:\/\/staging.hotelori.it\/de\/all-inclusive\/\",\"url\":\"https:\/\/staging.hotelori.it\/de\/all-inclusive\/\",\"name\":\"Hotel Ori, Cesenatico - 3 Sterne mit Schwimmbad, 50 Meter vom Meer entfernt\",\"isPartOf\":{\"@id\":\"https:\/\/staging.hotelori.it\/de\/#website\"},\"primaryImageOfPage\":{\"@id\":\"https:\/\/staging.hotelori.it\/de\/all-inclusive\/#primaryimage\"},\"image\":{\"@id\":\"https:\/\/staging.hotelori.it\/de\/all-inclusive\/#primaryimage\"},\"thumbnailUrl\":\"https:\/\/staging.hotelori.it\/wp-content\/uploads\/2022\/04\/bigstock-Close-up-Female-Hands-Packing-410465278.jpg\",\"datePublished\":\"2022-04-06T19:39:15+00:00\",\"dateModified\":\"2025-01-27T09:03:12+00:00\",\"description\":\"Drei-Sterne-Hotel in Cesenatico, mit Swimmingpool, 50 Meter vom Strand entfernt. Kinder bis 12 Jahre frei. Angebote und Leistungen entdecken und gleich buchen.\",\"breadcrumb\":{\"@id\":\"https:\/\/staging.hotelori.it\/de\/all-inclusive\/#breadcrumb\"},\"inLanguage\":\"de\",\"potentialAction\":[{\"@type\":\"ReadAction\",\"target\":[\"https:\/\/staging.hotelori.it\/de\/all-inclusive\/\"]}]},{\"@type\":\"ImageObject\",\"inLanguage\":\"de\",\"@id\":\"https:\/\/staging.hotelori.it\/de\/all-inclusive\/#primaryimage\",\"url\":\"https:\/\/staging.hotelori.it\/wp-content\/uploads\/2022\/04\/bigstock-Close-up-Female-Hands-Packing-410465278.jpg\",\"contentUrl\":\"https:\/\/staging.hotelori.it\/wp-content\/uploads\/2022\/04\/bigstock-Close-up-Female-Hands-Packing-410465278.jpg\",\"width\":1440,\"height\":960},{\"@type\":\"BreadcrumbList\",\"@id\":\"https:\/\/staging.hotelori.it\/de\/all-inclusive\/#breadcrumb\",\"itemListElement\":[{\"@type\":\"ListItem\",\"position\":1,\"name\":\"Home\",\"item\":\"https:\/\/staging.hotelori.it\/de\/hotel-ori-cesenatico-50-meter-vom-strand-entfernt\/\"},{\"@type\":\"ListItem\",\"position\":2,\"name\":\"All-Inclusive-Formel\"}]},{\"@type\":\"WebSite\",\"@id\":\"https:\/\/staging.hotelori.it\/de\/#website\",\"url\":\"https:\/\/staging.hotelori.it\/de\/\",\"name\":\"Hotel Ori - Cesenatico\",\"description\":\"Hotel 3 stelle a 50 metri dalla spiaggia\",\"potentialAction\":[{\"@type\":\"SearchAction\",\"target\":{\"@type\":\"EntryPoint\",\"urlTemplate\":\"https:\/\/staging.hotelori.it\/de\/?s={search_term_string}\"},\"query-input\":{\"@type\":\"PropertyValueSpecification\",\"valueRequired\":true,\"valueName\":\"search_term_string\"}}],\"inLanguage\":\"de\"}]}<\/script>\n<!-- \/ Yoast SEO plugin. -->","yoast_head_json":{"title":"Hotel Ori, Cesenatico - 3 Sterne mit Schwimmbad, 50 Meter vom Meer entfernt","description":"Drei-Sterne-Hotel in Cesenatico, mit Swimmingpool, 50 Meter vom Strand entfernt. Kinder bis 12 Jahre frei. Angebote und Leistungen entdecken und gleich buchen.","robots":{"index":"index","follow":"follow","max-snippet":"max-snippet:-1","max-image-preview":"max-image-preview:large","max-video-preview":"max-video-preview:-1"},"canonical":"https:\/\/staging.hotelori.it\/de\/all-inclusive\/","og_locale":"de_DE","og_type":"article","og_title":"Hotel Ori, Cesenatico - 3 Sterne mit Schwimmbad, 50 Meter vom Meer entfernt","og_description":"Drei-Sterne-Hotel in Cesenatico, mit Swimmingpool, 50 Meter vom Strand entfernt. Kinder bis 12 Jahre frei. Angebote und Leistungen entdecken und gleich buchen.","og_url":"https:\/\/staging.hotelori.it\/de\/all-inclusive\/","og_site_name":"Hotel Ori - Cesenatico","article_modified_time":"2025-01-27T09:03:12+00:00","og_image":[{"width":1440,"height":960,"url":"https:\/\/staging.hotelori.it\/wp-content\/uploads\/2022\/04\/bigstock-Close-up-Female-Hands-Packing-410465278.jpg","type":"image\/jpeg"}],"twitter_card":"summary_large_image","twitter_misc":{"Gesch\u00e4tzte Lesezeit":"3\u00a0Minuten"},"schema":{"@context":"https:\/\/schema.org","@graph":[{"@type":"WebPage","@id":"https:\/\/staging.hotelori.it\/de\/all-inclusive\/","url":"https:\/\/staging.hotelori.it\/de\/all-inclusive\/","name":"Hotel Ori, Cesenatico - 3 Sterne mit Schwimmbad, 50 Meter vom Meer entfernt","isPartOf":{"@id":"https:\/\/staging.hotelori.it\/de\/#website"},"primaryImageOfPage":{"@id":"https:\/\/staging.hotelori.it\/de\/all-inclusive\/#primaryimage"},"image":{"@id":"https:\/\/staging.hotelori.it\/de\/all-inclusive\/#primaryimage"},"thumbnailUrl":"https:\/\/staging.hotelori.it\/wp-content\/uploads\/2022\/04\/bigstock-Close-up-Female-Hands-Packing-410465278.jpg","datePublished":"2022-04-06T19:39:15+00:00","dateModified":"2025-01-27T09:03:12+00:00","description":"Drei-Sterne-Hotel in Cesenatico, mit Swimmingpool, 50 Meter vom Strand entfernt. Kinder bis 12 Jahre frei. Angebote und Leistungen entdecken und gleich buchen.","breadcrumb":{"@id":"https:\/\/staging.hotelori.it\/de\/all-inclusive\/#breadcrumb"},"inLanguage":"de","potentialAction":[{"@type":"ReadAction","target":["https:\/\/staging.hotelori.it\/de\/all-inclusive\/"]}]},{"@type":"ImageObject","inLanguage":"de","@id":"https:\/\/staging.hotelori.it\/de\/all-inclusive\/#primaryimage","url":"https:\/\/staging.hotelori.it\/wp-content\/uploads\/2022\/04\/bigstock-Close-up-Female-Hands-Packing-410465278.jpg","contentUrl":"https:\/\/staging.hotelori.it\/wp-content\/uploads\/2022\/04\/bigstock-Close-up-Female-Hands-Packing-410465278.jpg","width":1440,"height":960},{"@type":"BreadcrumbList","@id":"https:\/\/staging.hotelori.it\/de\/all-inclusive\/#breadcrumb","itemListElement":[{"@type":"ListItem","position":1,"name":"Home","item":"https:\/\/staging.hotelori.it\/de\/hotel-ori-cesenatico-50-meter-vom-strand-entfernt\/"},{"@type":"ListItem","position":2,"name":"All-Inclusive-Formel"}]},{"@type":"WebSite","@id":"https:\/\/staging.hotelori.it\/de\/#website","url":"https:\/\/staging.hotelori.it\/de\/","name":"Hotel Ori - Cesenatico","description":"Hotel 3 stelle a 50 metri dalla spiaggia","potentialAction":[{"@type":"SearchAction","target":{"@type":"EntryPoint","urlTemplate":"https:\/\/staging.hotelori.it\/de\/?s={search_term_string}"},"query-input":{"@type":"PropertyValueSpecification","valueRequired":true,"valueName":"search_term_string"}}],"inLanguage":"de"}]}},"_links":{"self":[{"href":"https:\/\/staging.hotelori.it\/de\/wp-json\/wp\/v2\/pages\/685","targetHints":{"allow":["GET"]}}],"collection":[{"href":"https:\/\/staging.hotelori.it\/de\/wp-json\/wp\/v2\/pages"}],"about":[{"href":"https:\/\/staging.hotelori.it\/de\/wp-json\/wp\/v2\/types\/page"}],"author":[{"embeddable":true,"href":"https:\/\/staging.hotelori.it\/de\/wp-json\/wp\/v2\/users\/1"}],"replies":[{"embeddable":true,"href":"https:\/\/staging.hotelori.it\/de\/wp-json\/wp\/v2\/comments?post=685"}],"version-history":[{"count":5,"href":"https:\/\/staging.hotelori.it\/de\/wp-json\/wp\/v2\/pages\/685\/revisions"}],"predecessor-version":[{"id":690,"href":"https:\/\/staging.hotelori.it\/de\/wp-json\/wp\/v2\/pages\/685\/revisions\/690"}],"wp:featuredmedia":[{"embeddable":true,"href":"https:\/\/staging.hotelori.it\/de\/wp-json\/wp\/v2\/media\/580"}],"wp:attachment":[{"href":"https:\/\/staging.hotelori.it\/de\/wp-json\/wp\/v2\/media?parent=685"}],"curies":[{"name":"wp","href":"https:\/\/api.w.org\/{rel}","templated":true}]}}