{"id":697,"date":"2022-03-31T15:53:22","date_gmt":"2022-03-31T15:53:22","guid":{"rendered":"https:\/\/staging.hotelori.it\/zimmer\/"},"modified":"2025-01-27T18:59:25","modified_gmt":"2025-01-27T18:59:25","slug":"zimmer","status":"publish","type":"page","link":"https:\/\/staging.hotelori.it\/de\/zimmer\/","title":{"rendered":"Unser Zimmer"},"content":{"rendered":"<div class=\"wpb-content-wrapper\"><p>[vc_section el_class=&#8220;intro-home&#8220;][vc_row full_width=&#8220;stretch_row&#8220; full_height=&#8220;yes&#8220; css=&#8220;.vc_custom_1649233569771{background-image: url(https:\/\/staging.hotelori.it\/wp-content\/uploads\/2022\/02\/IMG_8808.jpg?id=18) !important;background-position: center !important;background-repeat: no-repeat !important;background-size: cover !important;}&#8220;][vc_column width=&#8220;1\/2&#8243;][vc_column_text css_animation=&#8220;fadeInLeft&#8220; el_class=&#8220;box-testo&#8220;]<\/p>\n<h2>33 Zimmer und 5 Suiten<\/h2>\n<p>Die Intimit\u00e4t unserer Familienzimmer oder die Privatsph\u00e4re und der Komfort einer Apartment-Suite. Welche L\u00f6sung bevorzugen Sie?[\/vc_column_text][vc_empty_space height=&#8220;100&#8243;][\/vc_column][vc_column width=&#8220;1\/2&#8243;][vc_empty_space height=&#8220;100&#8243;][\/vc_column][\/vc_row][\/vc_section][vc_row full_width=&#8220;stretch_row&#8220; equal_height=&#8220;yes&#8220; css=&#8220;.vc_custom_1650555809406{margin-top: 0px !important;border-top-width: 0px !important;background-color: #ededed !important;}&#8220; el_id=&#8220;risultati&#8220;][vc_column width=&#8220;1\/4&#8243;][vc_column_text]<\/p>\n<h4>Filtern Sie die Zimmerliste nach Ihren W\u00fcnschen<\/h4>\n<p>[\/vc_column_text][\/vc_column][vc_column width=&#8220;3\/4&#8243;][vc_column_text]<strong>Wie viele Personen sind Sie<\/strong> (inkl. Kinder)??<\/p>\n<p><button class=\"filter_link\" data-filter=\"2\">2<\/button><button class=\"filter_link\" data-filter=\"3\">3<\/button><button class=\"filter_link\" data-filter=\"4\">4<\/button><button class=\"filter_link\" data-filter=\"5\">5 oder mehr<\/button><button class=\"filter_link active\" data-filter=\"all\">Keine Auswahl (alle Zimmer anzeigen)<\/button>[\/vc_column_text][\/vc_column][\/vc_row][vc_row][vc_column][vc_column_text css=&#8220;&#8220;]<\/p>\n<h2 id=\"titolo_elenco_camere\" style=\"text-align: center; margin-bottom: 30px;\">Ihre Zimmerauswahl:<\/h2>\n<div id=\"cam_cont\" class=\"camere-container\"><div class=\"camera  2 3 4\"><h3>Dachzimmer<\/h3><div><a href=\"https:\/\/staging.hotelori.it\/wp-content\/uploads\/2022\/04\/IMG_3577.jpg\"  rel=\"lightbox[gallery-720]\"><img src=https:\/\/staging.hotelori.it\/wp-content\/uploads\/2022\/04\/IMG_3577-536x250.jpg class=\"camera_copertina\"><\/a><ul class=\"camera-gallery\" id=\"#camera-gallery_720\"><li><a href=\"https:\/\/staging.hotelori.it\/wp-content\/uploads\/2022\/04\/IMG_3586.jpg\"  rel=\"lightbox[gallery-720]\"><img decoding=\"async\" src=\"https:\/\/staging.hotelori.it\/wp-content\/uploads\/2022\/04\/IMG_3586-150x150.jpg\" alt=\"\" \/><\/a><\/li><li><a href=\"https:\/\/staging.hotelori.it\/wp-content\/uploads\/2022\/04\/IMG_3565.jpg\"  rel=\"lightbox[gallery-720]\"><img decoding=\"async\" src=\"https:\/\/staging.hotelori.it\/wp-content\/uploads\/2022\/04\/IMG_3565-150x150.jpg\" alt=\"\" \/><\/a><\/li><li><a href=\"https:\/\/staging.hotelori.it\/wp-content\/uploads\/2022\/04\/IMG_3577.jpg\"  rel=\"lightbox[gallery-720]\"><img decoding=\"async\" src=\"https:\/\/staging.hotelori.it\/wp-content\/uploads\/2022\/04\/IMG_3577-150x150.jpg\" alt=\"\" \/><\/a><\/li><\/ul><\/div><div><div class=\"camera_info posti_letto\"><div class=\"camera_info-heading\"><i class=\"fas fa-bed\"><\/i> Betten<\/div>Betten f\u00fcr 2 bis 4 Personen<\/div><div class=\"camera_info metratura\"><div class=\"camera_info-heading\"><i class=\"fas fa-ruler-combined\"><\/i> Zimmergr\u00f6\u00dfe<\/div> ca. <strong>9 \/ 17<\/strong><\/div><\/div><p>Befindet sich in der obersten Etage. Der Aufzug erreicht das darunter liegende Stockwerk, daher ist es notwendig, eine Etage zu Fu\u00df zu gehen, um zu diesen R\u00e4umen zu gelangen.<\/p><div id=\"button_720\" class=\"button\" style=\"text-align:center\">Weitere Infos anzeigen<\/div>    <div id=\"camera_720\" class=\"camera_moreinfo\"><p>Zimmer sind ausgestattet mit:\n<ul>\n \t<li>Klimaanlage<\/li>\n \t<li>Helle Fenster<\/li>\n \t<li>Fernseher<\/li>\n \t<li>W-Lan<\/li>\n \t<li>Duschkabine<\/li>\n \t<li>Haartrockner<\/li>\n \t<li>Sicher<\/li>\n \t<li>Telefon<\/li>\n<\/ul><\/p>    <\/div><\/div><script>    (function($){    $(document).ready(function(){      $(\"#button_720\").click(function(){        $(\"#camera_720\").show(1000);        $(\"#button_720\").hide(1000);      });    });    })(jQuery);<\/script><div class=\"camera  2 3 4\"><h3>Standardzimmer<\/h3><div><a href=\"https:\/\/staging.hotelori.it\/wp-content\/uploads\/2022\/04\/IMG_3525.jpg\"  rel=\"lightbox[gallery-648]\"><img src=https:\/\/staging.hotelori.it\/wp-content\/uploads\/2022\/04\/IMG_3525-536x250.jpg class=\"camera_copertina\"><\/a><ul class=\"camera-gallery\" id=\"#camera-gallery_648\"><li><a href=\"https:\/\/staging.hotelori.it\/wp-content\/uploads\/2022\/04\/IMG_3519.jpg\"  rel=\"lightbox[gallery-648]\"><img decoding=\"async\" src=\"https:\/\/staging.hotelori.it\/wp-content\/uploads\/2022\/04\/IMG_3519-150x150.jpg\" alt=\"\" \/><\/a><\/li><li><a href=\"https:\/\/staging.hotelori.it\/wp-content\/uploads\/2022\/04\/IMG_3512.jpg\"  rel=\"lightbox[gallery-648]\"><img decoding=\"async\" src=\"https:\/\/staging.hotelori.it\/wp-content\/uploads\/2022\/04\/IMG_3512-150x150.jpg\" alt=\"\" \/><\/a><\/li><li><a href=\"https:\/\/staging.hotelori.it\/wp-content\/uploads\/2022\/04\/IMG_3532.jpg\"  rel=\"lightbox[gallery-648]\"><img decoding=\"async\" src=\"https:\/\/staging.hotelori.it\/wp-content\/uploads\/2022\/04\/IMG_3532-150x150.jpg\" alt=\"\" \/><\/a><\/li><li><a href=\"https:\/\/staging.hotelori.it\/wp-content\/uploads\/2022\/04\/IMG_3524.jpg\"  rel=\"lightbox[gallery-648]\"><img decoding=\"async\" src=\"https:\/\/staging.hotelori.it\/wp-content\/uploads\/2022\/04\/IMG_3524-150x150.jpg\" alt=\"\" \/><\/a><\/li><li><a href=\"https:\/\/staging.hotelori.it\/wp-content\/uploads\/2022\/04\/IMG_3491.jpg\"  rel=\"lightbox[gallery-648]\"><img decoding=\"async\" src=\"https:\/\/staging.hotelori.it\/wp-content\/uploads\/2022\/04\/IMG_3491-150x150.jpg\" alt=\"\" \/><\/a><\/li><\/ul><\/div><div><div class=\"camera_info posti_letto\"><div class=\"camera_info-heading\"><i class=\"fas fa-bed\"><\/i> Betten<\/div>Betten f\u00fcr 2 bis 4 Personen<\/div><div class=\"camera_info metratura\"><div class=\"camera_info-heading\"><i class=\"fas fa-ruler-combined\"><\/i> Zimmergr\u00f6\u00dfe<\/div> ca. <strong>16 \/ 18<\/strong><\/div><\/div><p>Sie befinden sich in der 2.\/3.\/4. Etage des Hotels und verf\u00fcgen \u00fcber einen gem\u00fctlichen Balkon. Perfekt f\u00fcr die Bewirtung der ganzen Familie.<\/p><div id=\"button_648\" class=\"button\" style=\"text-align:center\">Weitere Infos anzeigen<\/div>    <div id=\"camera_648\" class=\"camera_moreinfo\"><p>Alles mit dem Aufzug erreichbar.\nSie haben:\n<ul>\n \t<li>Klimaanlage<\/li>\n \t<li>Balkon<\/li>\n \t<li>Fernseher<\/li>\n \t<li>W-Lan<\/li>\n \t<li>Badezimmer mit Duschkabine und Haartrockner<\/li>\n \t<li>Sicher<\/li>\n \t<li>Telefon<\/li>\n \t<li>Meerblick (viele)<\/li>\n \t<li>Deckenventilator<\/li>\n<\/ul><\/p>    <\/div><\/div><script>    (function($){    $(document).ready(function(){      $(\"#button_648\").click(function(){        $(\"#camera_648\").show(1000);        $(\"#button_648\").hide(1000);      });    });    })(jQuery);<\/script><div class=\"camera  4 5 6\"><h3>Suite-Hotel<\/h3><div><a href=\"https:\/\/staging.hotelori.it\/wp-content\/uploads\/2022\/02\/670_0_3336258_78898.jpg\"  rel=\"lightbox[gallery-721]\"><img src=https:\/\/staging.hotelori.it\/wp-content\/uploads\/2022\/02\/670_0_3336258_78898-536x250.jpg class=\"camera_copertina\"><\/a><\/div><div><div class=\"camera_info posti_letto\"><div class=\"camera_info-heading\"><i class=\"fas fa-bed\"><\/i> Betten<\/div>Betten bis zu 6 Personen<\/div><div class=\"camera_info metratura\"><div class=\"camera_info-heading\"><i class=\"fas fa-ruler-combined\"><\/i> Zimmergr\u00f6\u00dfe<\/div> ca. <strong>30<\/strong><\/div><\/div><p>Eine Suite im Erdgeschoss, ideal f\u00fcr Familien, die mehr Platz ben\u00f6tigen. Mit zwei Schlafzimmern die miteinander verbunden sind und einem gem\u00fctlichen kleinen privaten Garten.<\/p><div id=\"button_721\" class=\"button\" style=\"text-align:center\">Weitere Infos anzeigen<\/div>    <div id=\"camera_721\" class=\"camera_moreinfo\"><p>Mit zwei Schlafzimmern die miteinander verbunden sind ( 12m\u00b2 + 18m\u00b2 ) \nZimmer sind ausgestattet mit:\n<ul>\n \t<li>Klimaanlage<\/li>\n \t<li>Helle Fenster<\/li>\n \t<li>Fernseher<\/li>\n \t<li>W-Lan<\/li>\n \t<li>Badezimmer mit Duschkabine und Haartrockner<\/li>\n \t<li>Sicher<\/li>\n \t<li>Telefon<\/li>\n<\/ul><\/p>    <\/div><\/div><script>    (function($){    $(document).ready(function(){      $(\"#button_721\").click(function(){        $(\"#camera_721\").show(1000);        $(\"#button_721\").hide(1000);      });    });    })(jQuery);<\/script><\/div>\n<p>\n<script>(function($){\n\nvar $mediaElements = $('.camera');\n\n$('.filter_link').click(function(e){\n    e.preventDefault();\n    \/\/ get the category from the attribute\n    var filterVal = $(this).data('filter');\n\n  $('.filter_link').removeClass('active');\n  $(this).addClass('active');\n\n    if (filterVal === 'all') {\n      $mediaElements.show();\n      $('#titolo_elenco_camere').html('Hier sind alle unsere Zimmer!');\n    } else {\n       \/\/ hide all then filter the ones to show\n       $mediaElements.hide().filter('.' + filterVal).show();\n              if (filterVal == '5') {\n                     $('#titolo_elenco_camere').html('Unsere Zimmer f\u00fcr '+ filterVal + ' oder mehr Personen');\n              } else {\n                     $('#titolo_elenco_camere').html('Unsere Zimmer f\u00fcr '+ filterVal + ' Personen');\n              }\n    }\n    \n    \/\/$(document).scrollTop( $(\"#risultati\").offset(100).top );\n    $(document).scrollTop( $(\"#risultati\").offset().top - 150 );\n\n});\n\n\n})(jQuery);<\/script>\n\n[\/vc_column_text][vc_raw_js][\/vc_raw_js][\/vc_column][\/vc_row]<\/p>\n<\/div>","protected":false},"excerpt":{"rendered":"<p>[vc_section el_class=&#8220;intro-home&#8220;][vc_row full_width=&#8220;stretch_row&#8220; full_height=&#8220;yes&#8220; css=&#8220;.vc_custom_1649233569771{background-image: url(https:\/\/staging.hotelori.it\/wp-content\/uploads\/2022\/02\/IMG_8808.jpg?id=18) !important;background-position: center !important;background-repeat: no-repeat !important;background-size: cover !important;}&#8220;][vc_column width=&#8220;1\/2&#8243;][vc_column_text css_animation=&#8220;fadeInLeft&#8220; el_class=&#8220;box-testo&#8220;] 33 Zimmer und 5 Suiten Die Intimit\u00e4t unserer Familienzimmer oder<span class=\"excerpt-hellip\"> [\u2026]<\/span><\/p>\n","protected":false},"author":1,"featured_media":0,"parent":0,"menu_order":0,"comment_status":"closed","ping_status":"closed","template":"template-no-header.php","meta":{"_acf_changed":false,"footnotes":""},"class_list":["post-697","page","type-page","status-publish","hentry"],"acf":[],"yoast_head":"<!-- This site is optimized with the Yoast SEO plugin v24.3 - https:\/\/yoast.com\/wordpress\/plugins\/seo\/ -->\n<title>Unser Zimmer - Hotel Ori - Cesenatico<\/title>\n<meta name=\"robots\" content=\"index, follow, max-snippet:-1, max-image-preview:large, max-video-preview:-1\" \/>\n<link rel=\"canonical\" href=\"https:\/\/staging.hotelori.it\/de\/zimmer\/\" \/>\n<meta property=\"og:locale\" content=\"de_DE\" \/>\n<meta property=\"og:type\" content=\"article\" \/>\n<meta property=\"og:title\" content=\"Unser Zimmer - Hotel Ori - Cesenatico\" \/>\n<meta property=\"og:description\" content=\"[vc_section el_class=&#8220;intro-home&#8220;][vc_row full_width=&#8220;stretch_row&#8220; full_height=&#8220;yes&#8220; css=&#8220;.vc_custom_1649233569771{background-image: url(https:\/\/staging.hotelori.it\/wp-content\/uploads\/2022\/02\/IMG_8808.jpg?id=18) !important;background-position: center !important;background-repeat: no-repeat !important;background-size: cover !important;}&#8220;][vc_column width=&#8220;1\/2&#8243;][vc_column_text css_animation=&#8220;fadeInLeft&#8220; el_class=&#8220;box-testo&#8220;] 33 Zimmer und 5 Suiten Die Intimit\u00e4t unserer Familienzimmer oder [\u2026]\" \/>\n<meta property=\"og:url\" content=\"https:\/\/staging.hotelori.it\/de\/zimmer\/\" \/>\n<meta property=\"og:site_name\" content=\"Hotel Ori - Cesenatico\" \/>\n<meta property=\"article:modified_time\" content=\"2025-01-27T18:59:25+00:00\" \/>\n<meta name=\"twitter:card\" content=\"summary_large_image\" \/>\n<meta name=\"twitter:label1\" content=\"Gesch\u00e4tzte Lesezeit\" \/>\n\t<meta name=\"twitter:data1\" content=\"1\u00a0Minute\" \/>\n<script type=\"application\/ld+json\" class=\"yoast-schema-graph\">{\"@context\":\"https:\/\/schema.org\",\"@graph\":[{\"@type\":\"WebPage\",\"@id\":\"https:\/\/staging.hotelori.it\/de\/zimmer\/\",\"url\":\"https:\/\/staging.hotelori.it\/de\/zimmer\/\",\"name\":\"Unser Zimmer - Hotel Ori - Cesenatico\",\"isPartOf\":{\"@id\":\"https:\/\/staging.hotelori.it\/de\/#website\"},\"datePublished\":\"2022-03-31T15:53:22+00:00\",\"dateModified\":\"2025-01-27T18:59:25+00:00\",\"breadcrumb\":{\"@id\":\"https:\/\/staging.hotelori.it\/de\/zimmer\/#breadcrumb\"},\"inLanguage\":\"de\",\"potentialAction\":[{\"@type\":\"ReadAction\",\"target\":[\"https:\/\/staging.hotelori.it\/de\/zimmer\/\"]}]},{\"@type\":\"BreadcrumbList\",\"@id\":\"https:\/\/staging.hotelori.it\/de\/zimmer\/#breadcrumb\",\"itemListElement\":[{\"@type\":\"ListItem\",\"position\":1,\"name\":\"Home\",\"item\":\"https:\/\/staging.hotelori.it\/de\/hotel-ori-cesenatico-50-meter-vom-strand-entfernt\/\"},{\"@type\":\"ListItem\",\"position\":2,\"name\":\"Unser Zimmer\"}]},{\"@type\":\"WebSite\",\"@id\":\"https:\/\/staging.hotelori.it\/de\/#website\",\"url\":\"https:\/\/staging.hotelori.it\/de\/\",\"name\":\"Hotel Ori - Cesenatico\",\"description\":\"Hotel 3 stelle a 50 metri dalla spiaggia\",\"potentialAction\":[{\"@type\":\"SearchAction\",\"target\":{\"@type\":\"EntryPoint\",\"urlTemplate\":\"https:\/\/staging.hotelori.it\/de\/?s={search_term_string}\"},\"query-input\":{\"@type\":\"PropertyValueSpecification\",\"valueRequired\":true,\"valueName\":\"search_term_string\"}}],\"inLanguage\":\"de\"}]}<\/script>\n<!-- \/ Yoast SEO plugin. -->","yoast_head_json":{"title":"Unser Zimmer - Hotel Ori - Cesenatico","robots":{"index":"index","follow":"follow","max-snippet":"max-snippet:-1","max-image-preview":"max-image-preview:large","max-video-preview":"max-video-preview:-1"},"canonical":"https:\/\/staging.hotelori.it\/de\/zimmer\/","og_locale":"de_DE","og_type":"article","og_title":"Unser Zimmer - Hotel Ori - Cesenatico","og_description":"[vc_section el_class=&#8220;intro-home&#8220;][vc_row full_width=&#8220;stretch_row&#8220; full_height=&#8220;yes&#8220; css=&#8220;.vc_custom_1649233569771{background-image: url(https:\/\/staging.hotelori.it\/wp-content\/uploads\/2022\/02\/IMG_8808.jpg?id=18) !important;background-position: center !important;background-repeat: no-repeat !important;background-size: cover !important;}&#8220;][vc_column width=&#8220;1\/2&#8243;][vc_column_text css_animation=&#8220;fadeInLeft&#8220; el_class=&#8220;box-testo&#8220;] 33 Zimmer und 5 Suiten Die Intimit\u00e4t unserer Familienzimmer oder [\u2026]","og_url":"https:\/\/staging.hotelori.it\/de\/zimmer\/","og_site_name":"Hotel Ori - Cesenatico","article_modified_time":"2025-01-27T18:59:25+00:00","twitter_card":"summary_large_image","twitter_misc":{"Gesch\u00e4tzte Lesezeit":"1\u00a0Minute"},"schema":{"@context":"https:\/\/schema.org","@graph":[{"@type":"WebPage","@id":"https:\/\/staging.hotelori.it\/de\/zimmer\/","url":"https:\/\/staging.hotelori.it\/de\/zimmer\/","name":"Unser Zimmer - Hotel Ori - Cesenatico","isPartOf":{"@id":"https:\/\/staging.hotelori.it\/de\/#website"},"datePublished":"2022-03-31T15:53:22+00:00","dateModified":"2025-01-27T18:59:25+00:00","breadcrumb":{"@id":"https:\/\/staging.hotelori.it\/de\/zimmer\/#breadcrumb"},"inLanguage":"de","potentialAction":[{"@type":"ReadAction","target":["https:\/\/staging.hotelori.it\/de\/zimmer\/"]}]},{"@type":"BreadcrumbList","@id":"https:\/\/staging.hotelori.it\/de\/zimmer\/#breadcrumb","itemListElement":[{"@type":"ListItem","position":1,"name":"Home","item":"https:\/\/staging.hotelori.it\/de\/hotel-ori-cesenatico-50-meter-vom-strand-entfernt\/"},{"@type":"ListItem","position":2,"name":"Unser Zimmer"}]},{"@type":"WebSite","@id":"https:\/\/staging.hotelori.it\/de\/#website","url":"https:\/\/staging.hotelori.it\/de\/","name":"Hotel Ori - Cesenatico","description":"Hotel 3 stelle a 50 metri dalla spiaggia","potentialAction":[{"@type":"SearchAction","target":{"@type":"EntryPoint","urlTemplate":"https:\/\/staging.hotelori.it\/de\/?s={search_term_string}"},"query-input":{"@type":"PropertyValueSpecification","valueRequired":true,"valueName":"search_term_string"}}],"inLanguage":"de"}]}},"_links":{"self":[{"href":"https:\/\/staging.hotelori.it\/de\/wp-json\/wp\/v2\/pages\/697","targetHints":{"allow":["GET"]}}],"collection":[{"href":"https:\/\/staging.hotelori.it\/de\/wp-json\/wp\/v2\/pages"}],"about":[{"href":"https:\/\/staging.hotelori.it\/de\/wp-json\/wp\/v2\/types\/page"}],"author":[{"embeddable":true,"href":"https:\/\/staging.hotelori.it\/de\/wp-json\/wp\/v2\/users\/1"}],"replies":[{"embeddable":true,"href":"https:\/\/staging.hotelori.it\/de\/wp-json\/wp\/v2\/comments?post=697"}],"version-history":[{"count":18,"href":"https:\/\/staging.hotelori.it\/de\/wp-json\/wp\/v2\/pages\/697\/revisions"}],"predecessor-version":[{"id":719,"href":"https:\/\/staging.hotelori.it\/de\/wp-json\/wp\/v2\/pages\/697\/revisions\/719"}],"wp:attachment":[{"href":"https:\/\/staging.hotelori.it\/de\/wp-json\/wp\/v2\/media?parent=697"}],"curies":[{"name":"wp","href":"https:\/\/api.w.org\/{rel}","templated":true}]}}